{"id":1486,"date":"2026-01-20T12:11:11","date_gmt":"2026-01-20T12:11:11","guid":{"rendered":"https:\/\/bonuskongcasino.com\/login-and-registration\/"},"modified":"2026-03-31T14:00:31","modified_gmt":"2026-03-31T13:00:31","slug":"logowanie-i-rejestracja","status":"publish","type":"page","link":"https:\/\/spinstein.net\/pl\/logowanie-i-rejestracja\/","title":{"rendered":"Logowanie i rejestracja"},"content":{"rendered":"<h1>Logowanie do Spinstein<\/h1>\n<p>Proces Spinstein login zosta\u0142 specjalnie zaprojektowany tak, aby by\u0142 przyjazny dla u\u017cytkownika i szybki. Zaloguj si\u0119, aby wy\u015bwietli\u0107 aktualne promocje, uzyska\u0107 dost\u0119p do swojego profilu i korzysta\u0107 ze wszystkich innych funkcji naszej platformy. Je\u015bli jeszcze si\u0119 nie zarejestrowa\u0142e\u015b, mo\u017cesz to zrobi\u0107 w tym oknie, u\u017cywaj\u0105c swojego adresu e-mail lub klikaj\u0105c przycisk \u201eGoogle\u201d. Nale\u017cy pami\u0119ta\u0107, \u017ce logowanie do serwisu Spin Stein jest dost\u0119pne wy\u0142\u0105cznie dla pe\u0142noletnich u\u017cytkownik\u00f3w z Polski.<\/p>\n<p><div class=\"banner-wrap\" aria-label=\"Banner\"><img src=\"https:\/\/spinstein.net\/wp-content\/uploads\/2026\/03\/Spinstein-banner-carousel-800\u0445400.webp\" class=\"w-100 d-none d-lg-block img-pc main-banner-img\" alt=\"spinstein banner desktop\" fetchpriority=\"high\" decoding=\"async\"><img src=\"https:\/\/spinstein.net\/wp-content\/uploads\/2026\/03\/spinstein-banner-mobile.webp\" class=\"w-100 d-none d-md-block d-lg-none main-banner-img\" alt=\"spinstein banner mobile\" fetchpriority=\"high\" decoding=\"async\"><img src=\"https:\/\/spinstein.net\/wp-content\/uploads\/2026\/03\/spinstein-banner-mobile.webp\" class=\"w-100 d-md-none\" alt=\"spinstein banner mobile\" fetchpriority=\"high\" decoding=\"async\"><div class=\"banner-description\">\n<div class=\"banner-title\">Bonusy powitalne<\/div>\n<p class=\"banner-header-title\">1500 \u20ac<\/p>\n<div class=\"banner-header-AdditionalText\">+ 250 Darmowe spiny<\/div>\n<button data-item=\"homepage_banner_link\" class=\"goto m-button m-gradient-border m-button--primary m-button--large banner-button btn-orange\">\n            <div class=\"m-button-content\">\n                <span>Zarejestruj si\u0119 teraz<\/span>\n                <span><\/span>\n            <\/div>\n        <\/button>\n<\/div>\n<div class=\"WelcomePack\">\n<p><img loading=\"lazy\" decoding=\"async\" class=\"alignnone size-full wp-image-1856\" src=\"https:\/\/spinstein.net\/wp-content\/uploads\/2026\/03\/welcome-crown.png\" alt=\"crown\" width=\"25\" height=\"26\" \/><\/p>\n<div class=\"WelcomePack-Info\">Cotygodniowy zwrot got\u00f3wki do 25%<\/div>\n<p><img loading=\"lazy\" decoding=\"async\" class=\"alignnone size-full wp-image-1856\" src=\"https:\/\/spinstein.net\/wp-content\/uploads\/2026\/03\/welcome-crown.png\" alt=\"crown\" width=\"25\" height=\"26\" \/><\/p>\n<\/div>\n<\/div><div class=\"scrollable-content-wrap my-5\"><div class=\"scrollable-content-inner\"><h2>Procedura rejestracji w Spinstein<\/h2>\n<p>Rejestracja jest wymagana, aby gra\u0107 na prawdziwe pieni\u0105dze i bra\u0107 udzia\u0142 w promocjach. Uzyskasz r\u00f3wnie\u017c dost\u0119p do swojego profilu osobistego, gdzie mo\u017cesz korzysta\u0107 z kilku przydatnych funkcji, takich jak narz\u0119dzia odpowiedzialnej gry, program lojalno\u015bciowy i wiele innych.<\/p>\n<p>Aby za\u0142o\u017cy\u0107 konto na platformie Spinstein Casino, musisz wykona\u0107 kilka prostych krok\u00f3w:<\/p>\n<ol>\n<li>Kliknij przycisk \u201eZarejestruj si\u0119\u201d na stronie g\u0142\u00f3wnej, aby przej\u015b\u0107 do formularza rejestracyjnego.<\/li>\n<li>Wybierz has\u0142o i wprowad\u017a sw\u00f3j adres e-mail lub zaloguj si\u0119 za pomoc\u0105 konta Google.<\/li>\n<li>Je\u015bli masz kod promocyjny, u\u017cyj go.<\/li>\n<li>Upewnij si\u0119, \u017ce masz co najmniej 18 lat i akceptujesz regulamin.<\/li>\n<\/ol>\n<p>Po zako\u0144czeniu rejestracji uzyskasz r\u00f3wnie\u017c dost\u0119p do naszej najpopularniejszej i najbardziej lukratywnej promocji. Pakiet powitalny o warto\u015bci do 1 500 \u20ac + 250 darmowych spin\u00f3w pomo\u017ce Ci rozpocz\u0105\u0107 przygod\u0119 na stronie kasyna Spin Stein.<\/p>\n<h2>Procedura logowania do Spinstein<\/h2>\n<p>Po wype\u0142nieniu formularza rejestracyjnego musisz przej\u015b\u0107 przez proces logowania do Spinstein. Nie jest to wcale trudne. Po zako\u0144czeniu procedury wystarczy klikn\u0105\u0107 przycisk \u201eZaloguj si\u0119\u201d znajduj\u0105cy si\u0119 w g\u00f3rnym rogu strony i wprowadzi\u0107 dane u\u017cyte podczas rejestracji. Mo\u017cesz r\u00f3wnie\u017c zalogowa\u0107 si\u0119 za pomoc\u0105 konta Google. Sprawd\u017a wszystko dwukrotnie, a nast\u0119pnie kliknij link na ko\u0144cu formularza, aby potwierdzi\u0107.<\/p>\n<h3>Weryfikacja w kasynie Spinstein<\/h3>\n<p>Przed dokonaniem pierwszej wp\u0142aty musisz przej\u015b\u0107 proces weryfikacji w kasynie Spin Stein. Jest to konieczne, aby zabezpieczy\u0107 Tw\u00f3j profil i upewni\u0107 si\u0119, \u017ce przestrzegasz wszystkich warunk\u00f3w korzystania z platformy. Mo\u017cesz potwierdzi\u0107 swoje dane osobowe na stronie osobistej, przesy\u0142aj\u0105c wyra\u017ane zdj\u0119cia dokumentu to\u017csamo\u015bci wydanego przez organ pa\u0144stwowy oraz aktualnego potwierdzenia adresu, np. rachunku za media.<\/p>\n<table>\n<tbody>\n<tr>\n<td>Rodzaj dokumentu<\/td>\n<td>Akceptowane przyk\u0142ady<\/td>\n<td>Cel<\/td>\n<\/tr>\n<tr>\n<td>Dokument to\u017csamo\u015bci wydany przez organ pa\u0144stwowy<\/td>\n<td>Paszport, prawo jazdy, dow\u00f3d osobisty<\/td>\n<td>Potwierdza to\u017csamo\u015b\u0107 i wiek<\/td>\n<\/tr>\n<tr>\n<td>Potwierdzenie adresu<\/td>\n<td>Rachunek za media, wyci\u0105g z konta bankowego, oficjalne pismo<\/td>\n<td>Potwierdza adres zamieszkania<\/td>\n<\/tr>\n<tr>\n<td>Selfie (je\u015bli jest wymagane)<\/td>\n<td>Zdj\u0119cie z dokumentem to\u017csamo\u015bci przy twarzy<\/td>\n<td>Zapobiega oszustwom zwi\u0105zanym z to\u017csamo\u015bci\u0105<\/td>\n<\/tr>\n<\/tbody>\n<\/table>\n<p><img loading=\"lazy\" decoding=\"async\" class=\"alignnone size-full wp-image-1952\" src=\"https:\/\/spinstein.net\/wp-content\/uploads\/2026\/03\/Spinstein-Login.webp\" alt=\"Spinstein Login\" width=\"1248\" height=\"536\" srcset=\"https:\/\/spinstein.net\/wp-content\/uploads\/2026\/03\/Spinstein-Login.webp 1248w, https:\/\/spinstein.net\/wp-content\/uploads\/2026\/03\/Spinstein-Login-300x129.webp 300w, https:\/\/spinstein.net\/wp-content\/uploads\/2026\/03\/Spinstein-Login-1024x440.webp 1024w, https:\/\/spinstein.net\/wp-content\/uploads\/2026\/03\/Spinstein-Login-768x330.webp 768w\" sizes=\"auto, (max-width: 1248px) 100vw, 1248px\" \/><\/p>\n<h2>Dost\u0119p do konta<\/h2>\n<p>Kasyno Spinstein dzia\u0142a idealnie na wszystkich platformach. Twoje salda i wyniki gier s\u0105 automatycznie synchronizowane na wszystkich Twoich urz\u0105dzeniach. Je\u015bli spr\u00f3bujesz po\u0142\u0105czy\u0107 si\u0119 wi\u0119cej ni\u017c trzy razy i nie uda Ci si\u0119 to, Twoje konto mo\u017ce zosta\u0107 zablokowane. Aby zweryfikowa\u0107 i przywr\u00f3ci\u0107 swoje dane logowania, skontaktuj si\u0119 z naszym zespo\u0142em pomocy technicznej dost\u0119pnym 24\/7 poprzez czat na \u017cywo lub e-mail. Funkcja logowania \u201eKontynuuj z Google\u201d w Spin Stein pozwala rozpocz\u0105\u0107 gr\u0119 jednym klikni\u0119ciem zamiast wpisywania adresu e-mail. Zachowuje te same standardy bezpiecze\u0144stwa i funkcje.<\/p>\n<h2>Jak zapewni\u0107 bezpiecze\u0144stwo swojego konta<\/h2>\n<p>Jest kilka rzeczy, kt\u00f3re mo\u017cesz zrobi\u0107, aby upewni\u0107 si\u0119, \u017ce logowanie do Spin Stein jest zawsze bezpieczne. W ustawieniach osobistych mo\u017cesz w\u0142\u0105czy\u0107 uwierzytelnianie dwusk\u0142adnikowe, aby doda\u0107 dodatkow\u0105 warstw\u0119 bezpiecze\u0144stwa. Stw\u00f3rz w\u0142asne silne has\u0142o zawieraj\u0105ce litery, cyfry i symbole i nigdy nikomu go nie ujawniaj.<\/p>\n<p>Staraj si\u0119 nie logowa\u0107 z publicznych sieci Wi-Fi, poniewa\u017c istnieje wi\u0119ksze prawdopodobie\u0144stwo, \u017ce Twoje dane zostan\u0105 przechwycone. Zalecamy korzystanie z oficjalnej strony internetowej lub zainstalowanej aplikacji PWA Spinstein w celu uzyskania dost\u0119pu do naszej platformy. Je\u015bli zauwa\u017cysz jak\u0105kolwiek podejrzan\u0105 aktywno\u015b\u0107, skontaktuj si\u0119 natychmiast z obs\u0142ug\u0105 klienta.<\/p>\n<h2>FAQ<\/h2>\n<h3>Czy mog\u0119 tymczasowo wy\u0142\u0105czy\u0107 swoje konto zamiast zamyka\u0107 je na sta\u0142e?<\/h3>\n<p>Tak, Spinstein oferuje okresy karencji jako alternatyw\u0119 dla trwa\u0142ego zamkni\u0119cia dost\u0119pu. Gracze mog\u0105 poprosi\u0107 o tymczasowe wykluczenie na okre\u015blony czas, od 24 godzin do kilku tygodni. W tym czasie dost\u0119p do konta jest zablokowany, ale dane u\u017cytkownika mo\u017cna odzyska\u0107 bez tworzenia nowego profilu.<\/p>\n<h3>Jak zresetowa\u0107 dane logowania?<\/h3>\n<p>Aby zresetowa\u0107 has\u0142o w kasynie Spin Stein, kliknij link \u201eNie pami\u0119tam has\u0142a\u201d na stronie g\u0142\u00f3wnej i wprowad\u017a sw\u00f3j zarejestrowany adres e-mail. W ci\u0105gu kilku minut otrzymasz link do resetowania has\u0142a; post\u0119puj zgodnie z instrukcjami, aby utworzy\u0107 nowe has\u0142o. Nazwy u\u017cytkownika nie mo\u017cna zmieni\u0107, poniewa\u017c Tw\u00f3j adres e-mail lub profil Google s\u0142u\u017c\u0105 jako sta\u0142y identyfikator dost\u0119pu.<\/p>\n<h3>Czy mog\u0119 zmieni\u0107 sw\u00f3j adres e-mail lub nazw\u0119 u\u017cytkownika?<\/h3>\n<p>Tak, mo\u017cesz zaktualizowa\u0107 sw\u00f3j adres e-mail w kasynie Spinstein, kontaktuj\u0105c si\u0119 z naszym wieloj\u0119zycznym zespo\u0142em obs\u0142ugi klienta. Nasz zesp\u00f3\u0142 zweryfikuje Twoj\u0105 to\u017csamo\u015b\u0107 przed przetworzeniem zmiany. Nazwy u\u017cytkownika s\u0105 powi\u0105zane z zarejestrowanym adresem e-mail i nie mo\u017cna ich modyfikowa\u0107, ale adres powi\u0105zany z Twoim profilem mo\u017cna zaktualizowa\u0107 na nowy.<\/p>\n<\/div><\/div><\/p>\n","protected":false},"excerpt":{"rendered":"<p>Logowanie do Spinstein Proces Spinstein login zosta\u0142 specjalnie zaprojektowany tak, aby by\u0142 przyjazny dla u\u017cytkownika i szybki. Zaloguj si\u0119, aby wy\u015bwietli\u0107 aktualne promocje, uzyska\u0107 dost\u0119p do swojego profilu i korzysta\u0107 ze wszystkich innych funkcji naszej platformy. Je\u015bli jeszcze si\u0119 nie zarejestrowa\u0142e\u015b, mo\u017cesz to zrobi\u0107 w tym oknie, u\u017cywaj\u0105c swojego adresu e-mail lub klikaj\u0105c przycisk \u201eGoogle\u201d. [&hellip;]<\/p>\n","protected":false},"author":1,"featured_media":0,"parent":0,"menu_order":0,"comment_status":"closed","ping_status":"closed","template":"template-builder.php","meta":{"_acf_changed":false,"inline_featured_image":false,"footnotes":""},"class_list":["post-1486","page","type-page","status-publish","hentry"],"acf":[],"yoast_head":"<!-- This site is optimized with the Yoast SEO plugin v27.3 - https:\/\/yoast.com\/product\/yoast-seo-wordpress\/ -->\n<title>Spinstein Login \u2013 Rejestracja i Dost\u0119p do Konta<\/title>\n<meta name=\"description\" content=\"Spinstein Login \u2013 skonfiguruj sw\u00f3j profil gracza w kilka sekund lub zaloguj si\u0119 ponownie z uwierzytelnianiem dwusk\u0142adnikowym dla dodatkowego spokoju. \u015aled\u017a histori\u0119 gier, zarz\u0105dzaj limitami i aktualizuj metody p\u0142atno\u015bci bez wysi\u0142ku w Spin Stein.\" \/>\n<meta name=\"robots\" content=\"index, follow, max-snippet:-1, max-image-preview:large, max-video-preview:-1\" \/>\n<link rel=\"canonical\" href=\"https:\/\/spinstein.net\/pl\/logowanie-i-rejestracja\/\" \/>\n<meta property=\"og:locale\" content=\"pl_PL\" \/>\n<meta property=\"og:type\" content=\"article\" \/>\n<meta property=\"og:title\" content=\"Spinstein Login \u2013 Rejestracja i Dost\u0119p do Konta\" \/>\n<meta property=\"og:description\" content=\"Spinstein Login \u2013 skonfiguruj sw\u00f3j profil gracza w kilka sekund lub zaloguj si\u0119 ponownie z uwierzytelnianiem dwusk\u0142adnikowym dla dodatkowego spokoju. \u015aled\u017a histori\u0119 gier, zarz\u0105dzaj limitami i aktualizuj metody p\u0142atno\u015bci bez wysi\u0142ku w Spin Stein.\" \/>\n<meta property=\"og:url\" content=\"https:\/\/spinstein.net\/pl\/logowanie-i-rejestracja\/\" \/>\n<meta property=\"og:site_name\" content=\"spinstein\" \/>\n<meta property=\"article:modified_time\" content=\"2026-03-31T13:00:31+00:00\" \/>\n<meta name=\"twitter:card\" content=\"summary_large_image\" \/>\n<meta name=\"twitter:label1\" content=\"Est. reading time\" \/>\n\t<meta name=\"twitter:data1\" content=\"1 minute\" \/>\n<script type=\"application\/ld+json\" class=\"yoast-schema-graph\">{\"@context\":\"https:\\\/\\\/schema.org\",\"@graph\":[{\"@type\":\"WebPage\",\"@id\":\"https:\\\/\\\/spinstein.net\\\/pl\\\/logowanie-i-rejestracja\\\/\",\"url\":\"https:\\\/\\\/spinstein.net\\\/pl\\\/logowanie-i-rejestracja\\\/\",\"name\":\"Spinstein Login \u2013 Rejestracja i Dost\u0119p do Konta\",\"isPartOf\":{\"@id\":\"https:\\\/\\\/spinstein.net\\\/pl\\\/#website\"},\"datePublished\":\"2026-01-20T12:11:11+00:00\",\"dateModified\":\"2026-03-31T13:00:31+00:00\",\"description\":\"Spinstein Login \u2013 skonfiguruj sw\u00f3j profil gracza w kilka sekund lub zaloguj si\u0119 ponownie z uwierzytelnianiem dwusk\u0142adnikowym dla dodatkowego spokoju. \u015aled\u017a histori\u0119 gier, zarz\u0105dzaj limitami i aktualizuj metody p\u0142atno\u015bci bez wysi\u0142ku w Spin Stein.\",\"breadcrumb\":{\"@id\":\"https:\\\/\\\/spinstein.net\\\/pl\\\/logowanie-i-rejestracja\\\/#breadcrumb\"},\"inLanguage\":\"pl-PL\",\"potentialAction\":[{\"@type\":\"ReadAction\",\"target\":[\"https:\\\/\\\/spinstein.net\\\/pl\\\/logowanie-i-rejestracja\\\/\"]}]},{\"@type\":\"BreadcrumbList\",\"@id\":\"https:\\\/\\\/spinstein.net\\\/pl\\\/logowanie-i-rejestracja\\\/#breadcrumb\",\"itemListElement\":[{\"@type\":\"ListItem\",\"position\":1,\"name\":\"Spinstein\",\"item\":\"https:\\\/\\\/spinstein.net\\\/pl\\\/\"},{\"@type\":\"ListItem\",\"position\":2,\"name\":\"Logowanie i rejestracja\"}]},{\"@type\":\"WebSite\",\"@id\":\"https:\\\/\\\/spinstein.net\\\/pl\\\/#website\",\"url\":\"https:\\\/\\\/spinstein.net\\\/pl\\\/\",\"name\":\"Spinstein\",\"description\":\"\",\"publisher\":{\"@id\":\"https:\\\/\\\/spinstein.net\\\/pl\\\/#organization\"},\"potentialAction\":[{\"@type\":\"SearchAction\",\"target\":{\"@type\":\"EntryPoint\",\"urlTemplate\":\"https:\\\/\\\/spinstein.net\\\/pl\\\/?s={search_term_string}\"},\"query-input\":{\"@type\":\"PropertyValueSpecification\",\"valueRequired\":true,\"valueName\":\"search_term_string\"}}],\"inLanguage\":\"pl-PL\"},{\"@type\":\"Organization\",\"@id\":\"https:\\\/\\\/spinstein.net\\\/pl\\\/#organization\",\"name\":\"Spinstein\",\"url\":\"https:\\\/\\\/spinstein.net\\\/pl\\\/\",\"logo\":{\"@type\":\"ImageObject\",\"inLanguage\":\"pl-PL\",\"@id\":\"https:\\\/\\\/spinstein.net\\\/pl\\\/#\\\/schema\\\/logo\\\/image\\\/\",\"url\":\"https:\\\/\\\/spinstein.net\\\/wp-content\\\/uploads\\\/2026\\\/03\\\/spinstein-logo.png\",\"contentUrl\":\"https:\\\/\\\/spinstein.net\\\/wp-content\\\/uploads\\\/2026\\\/03\\\/spinstein-logo.png\",\"width\":166,\"height\":40,\"caption\":\"Spinstein\"},\"image\":{\"@id\":\"https:\\\/\\\/spinstein.net\\\/pl\\\/#\\\/schema\\\/logo\\\/image\\\/\"}}]}<\/script>\n<!-- \/ Yoast SEO plugin. -->","yoast_head_json":{"title":"Spinstein Login \u2013 Rejestracja i Dost\u0119p do Konta","description":"Spinstein Login \u2013 skonfiguruj sw\u00f3j profil gracza w kilka sekund lub zaloguj si\u0119 ponownie z uwierzytelnianiem dwusk\u0142adnikowym dla dodatkowego spokoju. \u015aled\u017a histori\u0119 gier, zarz\u0105dzaj limitami i aktualizuj metody p\u0142atno\u015bci bez wysi\u0142ku w Spin Stein.","robots":{"index":"index","follow":"follow","max-snippet":"max-snippet:-1","max-image-preview":"max-image-preview:large","max-video-preview":"max-video-preview:-1"},"canonical":"https:\/\/spinstein.net\/pl\/logowanie-i-rejestracja\/","og_locale":"pl_PL","og_type":"article","og_title":"Spinstein Login \u2013 Rejestracja i Dost\u0119p do Konta","og_description":"Spinstein Login \u2013 skonfiguruj sw\u00f3j profil gracza w kilka sekund lub zaloguj si\u0119 ponownie z uwierzytelnianiem dwusk\u0142adnikowym dla dodatkowego spokoju. \u015aled\u017a histori\u0119 gier, zarz\u0105dzaj limitami i aktualizuj metody p\u0142atno\u015bci bez wysi\u0142ku w Spin Stein.","og_url":"https:\/\/spinstein.net\/pl\/logowanie-i-rejestracja\/","og_site_name":"spinstein","article_modified_time":"2026-03-31T13:00:31+00:00","twitter_card":"summary_large_image","twitter_misc":{"Est. reading time":"1 minute"},"schema":{"@context":"https:\/\/schema.org","@graph":[{"@type":"WebPage","@id":"https:\/\/spinstein.net\/pl\/logowanie-i-rejestracja\/","url":"https:\/\/spinstein.net\/pl\/logowanie-i-rejestracja\/","name":"Spinstein Login \u2013 Rejestracja i Dost\u0119p do Konta","isPartOf":{"@id":"https:\/\/spinstein.net\/pl\/#website"},"datePublished":"2026-01-20T12:11:11+00:00","dateModified":"2026-03-31T13:00:31+00:00","description":"Spinstein Login \u2013 skonfiguruj sw\u00f3j profil gracza w kilka sekund lub zaloguj si\u0119 ponownie z uwierzytelnianiem dwusk\u0142adnikowym dla dodatkowego spokoju. \u015aled\u017a histori\u0119 gier, zarz\u0105dzaj limitami i aktualizuj metody p\u0142atno\u015bci bez wysi\u0142ku w Spin Stein.","breadcrumb":{"@id":"https:\/\/spinstein.net\/pl\/logowanie-i-rejestracja\/#breadcrumb"},"inLanguage":"pl-PL","potentialAction":[{"@type":"ReadAction","target":["https:\/\/spinstein.net\/pl\/logowanie-i-rejestracja\/"]}]},{"@type":"BreadcrumbList","@id":"https:\/\/spinstein.net\/pl\/logowanie-i-rejestracja\/#breadcrumb","itemListElement":[{"@type":"ListItem","position":1,"name":"Spinstein","item":"https:\/\/spinstein.net\/pl\/"},{"@type":"ListItem","position":2,"name":"Logowanie i rejestracja"}]},{"@type":"WebSite","@id":"https:\/\/spinstein.net\/pl\/#website","url":"https:\/\/spinstein.net\/pl\/","name":"Spinstein","description":"","publisher":{"@id":"https:\/\/spinstein.net\/pl\/#organization"},"potentialAction":[{"@type":"SearchAction","target":{"@type":"EntryPoint","urlTemplate":"https:\/\/spinstein.net\/pl\/?s={search_term_string}"},"query-input":{"@type":"PropertyValueSpecification","valueRequired":true,"valueName":"search_term_string"}}],"inLanguage":"pl-PL"},{"@type":"Organization","@id":"https:\/\/spinstein.net\/pl\/#organization","name":"Spinstein","url":"https:\/\/spinstein.net\/pl\/","logo":{"@type":"ImageObject","inLanguage":"pl-PL","@id":"https:\/\/spinstein.net\/pl\/#\/schema\/logo\/image\/","url":"https:\/\/spinstein.net\/wp-content\/uploads\/2026\/03\/spinstein-logo.png","contentUrl":"https:\/\/spinstein.net\/wp-content\/uploads\/2026\/03\/spinstein-logo.png","width":166,"height":40,"caption":"Spinstein"},"image":{"@id":"https:\/\/spinstein.net\/pl\/#\/schema\/logo\/image\/"}}]}},"_links":{"self":[{"href":"https:\/\/spinstein.net\/pl\/wp-json\/wp\/v2\/pages\/1486","targetHints":{"allow":["GET"]}}],"collection":[{"href":"https:\/\/spinstein.net\/pl\/wp-json\/wp\/v2\/pages"}],"about":[{"href":"https:\/\/spinstein.net\/pl\/wp-json\/wp\/v2\/types\/page"}],"author":[{"embeddable":true,"href":"https:\/\/spinstein.net\/pl\/wp-json\/wp\/v2\/users\/1"}],"replies":[{"embeddable":true,"href":"https:\/\/spinstein.net\/pl\/wp-json\/wp\/v2\/comments?post=1486"}],"version-history":[{"count":3,"href":"https:\/\/spinstein.net\/pl\/wp-json\/wp\/v2\/pages\/1486\/revisions"}],"predecessor-version":[{"id":2071,"href":"https:\/\/spinstein.net\/pl\/wp-json\/wp\/v2\/pages\/1486\/revisions\/2071"}],"wp:attachment":[{"href":"https:\/\/spinstein.net\/pl\/wp-json\/wp\/v2\/media?parent=1486"}],"curies":[{"name":"wp","href":"https:\/\/api.w.org\/{rel}","templated":true}]}}