{"id":1447,"date":"2026-01-20T12:08:23","date_gmt":"2026-01-20T12:08:23","guid":{"rendered":"https:\/\/bonuskongcasino.com\/app\/"},"modified":"2026-03-31T13:58:51","modified_gmt":"2026-03-31T12:58:51","slug":"aplikacja","status":"publish","type":"page","link":"https:\/\/spinstein.net\/pl\/aplikacja\/","title":{"rendered":"Aplikacja"},"content":{"rendered":"<h1>Aplikacja Spinstein: mobilne gry kasynowe<\/h1>\n<p>Spinstein App oferuje lepsz\u0105 rozgrywk\u0119 w por\u00f3wnaniu z wersj\u0105 internetow\u0105. Wszyscy polscy u\u017cytkownicy mog\u0105 gra\u0107 w dowolnym miejscu, pobieraj\u0105c aplikacj\u0119 mobiln\u0105 na systemy Android i iOS lub instaluj\u0105c j\u0105 na komputerze stacjonarnym. W naszym kasynie mobilnym masz dost\u0119p do pe\u0142nej biblioteki gier, takich jak popularne automaty online, sekcja z krupierami na \u017cywo i wiele innych. W przeciwie\u0144stwie do wersji standardowej aplikacja dzia\u0142a p\u0142ynniej i szybciej. Funkcje aplikacji Spinstein s\u0105 identyczne jak w wersji standardowej i nie podlegaj\u0105 \u017cadnym ograniczeniom.<\/p>\n<div class=\"banner-wrap\" aria-label=\"Banner\"><img src=\"https:\/\/spinstein.net\/wp-content\/uploads\/2026\/03\/Spinstein-banner-carousel-800\u0445400.webp\" class=\"w-100 d-none d-lg-block img-pc main-banner-img\" alt=\"spinstein banner desktop\" fetchpriority=\"high\" decoding=\"async\"><img src=\"https:\/\/spinstein.net\/wp-content\/uploads\/2026\/03\/spinstein-banner-mobile.webp\" class=\"w-100 d-none d-md-block d-lg-none main-banner-img\" alt=\"spinstein banner mobile\" fetchpriority=\"high\" decoding=\"async\"><img src=\"https:\/\/spinstein.net\/wp-content\/uploads\/2026\/03\/spinstein-banner-mobile.webp\" class=\"w-100 d-md-none\" alt=\"spinstein banner mobile\" fetchpriority=\"high\" decoding=\"async\"><div class=\"banner-description\">\n<div class=\"banner-title\">Bonusy powitalne<\/div>\n<p class=\"banner-header-title\">1500 \u20ac<\/p>\n<div class=\"banner-header-AdditionalText\">+ 250 Darmowe spiny<\/div>\n<button data-item=\"homepage_banner_link\" class=\"goto m-button m-gradient-border m-button--primary m-button--large banner-button btn-orange\">\n            <div class=\"m-button-content\">\n                <span>Zarejestruj si\u0119 teraz<\/span>\n                <span><\/span>\n            <\/div>\n        <\/button>\n<\/div>\n<div class=\"WelcomePack\">\n<p><img loading=\"lazy\" decoding=\"async\" class=\"alignnone size-full wp-image-1856\" src=\"https:\/\/spinstein.net\/wp-content\/uploads\/2026\/03\/welcome-crown.png\" alt=\"crown\" width=\"25\" height=\"26\" \/><\/p>\n<div class=\"WelcomePack-Info\">Cotygodniowy zwrot got\u00f3wki do 25%<\/div>\n<p><img loading=\"lazy\" decoding=\"async\" class=\"alignnone size-full wp-image-1856\" src=\"https:\/\/spinstein.net\/wp-content\/uploads\/2026\/03\/welcome-crown.png\" alt=\"crown\" width=\"25\" height=\"26\" \/><\/p>\n<\/div>\n<\/div>\n<h2>Funkcje aplikacji Spinstein<\/h2>\n<p>Podczas tworzenia naszej aplikacji Spinstein skupili\u015bmy si\u0119 przede wszystkim na przeniesieniu wszystkich funkcji z wersji internetowej. Wybrali\u015bmy format PWA, poniewa\u017c mo\u017cna j\u0105 zainstalowa\u0107 bezpo\u015brednio ze strony internetowej i nie wymaga ona interakcji z zewn\u0119trznymi \u017ar\u00f3d\u0142ami. Ponadto aplikacje PWA zajmuj\u0105 mniej miejsca na urz\u0105dzeniu i \u0142aduj\u0105 si\u0119 szybciej.<\/p>\n<p>Gracze korzystaj\u0105cy z naszego oprogramowania s\u0105 natychmiast informowani o nowych wydarzeniach i promocjach za po\u015brednictwem powiadomie\u0144 push. Oto g\u0142\u00f3wne zalety aplikacji Spinstein w por\u00f3wnaniu z wersj\u0105 na komputery stacjonarne, kt\u00f3re mo\u017cemy podkre\u015bli\u0107:<\/p>\n<table>\n<tbody>\n<tr>\n<td>Zaleta<\/td>\n<td>Opis<\/td>\n<\/tr>\n<tr>\n<td>Natychmiastowe pobieranie<\/td>\n<td>Brak zasob\u00f3w stron trzecich, bezpo\u015brednio z przegl\u0105darki.<\/td>\n<\/tr>\n<tr>\n<td>Minimalne zu\u017cycie pami\u0119ci<\/td>\n<td>Technologia PWA pozwala zaoszcz\u0119dzi\u0107 miejsce na urz\u0105dzeniu.<\/td>\n<\/tr>\n<tr>\n<td>Powiadomienia push<\/td>\n<td>Aktualizacje w czasie rzeczywistym dotycz\u0105ce promocji i wydarze\u0144<\/td>\n<\/tr>\n<tr>\n<td>Szybsze \u0142adowanie<\/td>\n<td>Zoptymalizowana wydajno\u015b\u0107 zapewniaj\u0105ca dost\u0119p w podr\u00f3\u017cy<\/td>\n<\/tr>\n<\/tbody>\n<\/table>\n<p><div class=\"scrollable-content-wrap my-5\"><div class=\"scrollable-content-inner\"><h2>Aplikacja Spinstein \u2013 APK na Androida<\/h2>\n<p>Nie oferujemy dedykowanego pliku APK Spinstein dla systemu Android, poniewa\u017c priorytetowo traktujemy bezpiecze\u0144stwo ka\u017cdego u\u017cytkownika. W przeciwie\u0144stwie do pliku APK, nasze oprogramowanie pobierasz bezpo\u015brednio z naszej strony, co uniemo\u017cliwia hakerom uzyskanie dost\u0119pu do Twoich danych.<\/p>\n<p>Aby zainstalowa\u0107 kasyno Spinstein na swoim urz\u0105dzeniu z systemem Android, wystarczy wykona\u0107 nast\u0119puj\u0105ce proste kroki:<\/p>\n<ol>\n<li>Otw\u00f3rz przegl\u0105dark\u0119 i przejd\u017a do naszej oficjalnej strony internetowej.<\/li>\n<li>Po otwarciu naszej strony w przegl\u0105darce kliknij menu z trzema kropkami.<\/li>\n<li>Nast\u0119pnie przewi\u0144 w d\u00f3\u0142 i kliknij \u201eDodaj do ekranu g\u0142\u00f3wnego\u201d.<\/li>\n<li>Wybierz nazw\u0119 aplikacji lub pozostaw j\u0105 bez zmian, a nast\u0119pnie naci\u015bnij \u201eDodaj\u201d w prawym g\u00f3rnym rogu.<\/li>\n<\/ol>\n<p>Po wykonaniu wszystkich krok\u00f3w kliknij ikon\u0119, aby rozpocz\u0105\u0107 swoj\u0105 przygod\u0119 w kasynie. Mo\u017cesz korzysta\u0107 z mobilnej wersji platformy, aby zarz\u0105dza\u0107 swoim profilem osobistym, przegl\u0105da\u0107 lobby i odbiera\u0107 bonusy, a tak\u017ce wykonywa\u0107 wiele innych czynno\u015bci. Je\u015bli masz jakiekolwiek problemy z wykonaniem powy\u017cszych krok\u00f3w, zawsze mo\u017cesz skorzysta\u0107 z czatu na \u017cywo, aby skontaktowa\u0107 si\u0119 z naszym zespo\u0142em pomocy technicznej.<\/p>\n<p><img loading=\"lazy\" decoding=\"async\" class=\"alignnone size-full wp-image-1928\" src=\"https:\/\/spinstein.net\/wp-content\/uploads\/2026\/03\/Spinstein-Android-App.webp\" alt=\"Spinstein Android App\" width=\"1248\" height=\"536\" srcset=\"https:\/\/spinstein.net\/wp-content\/uploads\/2026\/03\/Spinstein-Android-App.webp 1248w, https:\/\/spinstein.net\/wp-content\/uploads\/2026\/03\/Spinstein-Android-App-300x129.webp 300w, https:\/\/spinstein.net\/wp-content\/uploads\/2026\/03\/Spinstein-Android-App-1024x440.webp 1024w, https:\/\/spinstein.net\/wp-content\/uploads\/2026\/03\/Spinstein-Android-App-768x330.webp 768w\" sizes=\"auto, (max-width: 1248px) 100vw, 1248px\" \/><\/p>\n<\/div><\/div><div style=\"clear: both\"><\/div><div class=\"d-flex justify-content-center\"><button data-item=\"decouvrez_link\" data-group=\"website_links\" class=\"goto fw-bold rounded-pill btn btn-orange\" aria-label=\"Pobierz aplikacj\u0119 Spinstein\" >Pobierz aplikacj\u0119 Spinstein<\/button><\/div><div class=\"scrollable-content-wrap my-5\"><div class=\"scrollable-content-inner\"><h2>Spinstein App na iOS<\/h2>\n<p>Nie musisz odwiedza\u0107 App Store, aby uzyska\u0107 dost\u0119p do oprogramowania kasyna Spinstein na iOS; zamiast tego musisz post\u0119powa\u0107 zgodnie z niemal inn\u0105 instrukcj\u0105 ni\u017c w przypadku Androida. W dolnej cz\u0119\u015bci ekranu naci\u015bnij przycisk \u201eUdost\u0119pnij\u201d. Po potwierdzeniu ustawienia symbol pojawi si\u0119 na ekranie g\u0142\u00f3wnym. Zaloguj si\u0119 do programu, wprowad\u017a swoje dane i uzyskaj pe\u0142ny dost\u0119p do wszystkich funkcji.<\/p>\n<p><img loading=\"lazy\" decoding=\"async\" class=\"alignnone size-full wp-image-1936\" src=\"https:\/\/spinstein.net\/wp-content\/uploads\/2026\/03\/Spinstein-iOS-App.webp\" alt=\"Spinstein iOS App\" width=\"1248\" height=\"536\" srcset=\"https:\/\/spinstein.net\/wp-content\/uploads\/2026\/03\/Spinstein-iOS-App.webp 1248w, https:\/\/spinstein.net\/wp-content\/uploads\/2026\/03\/Spinstein-iOS-App-300x129.webp 300w, https:\/\/spinstein.net\/wp-content\/uploads\/2026\/03\/Spinstein-iOS-App-1024x440.webp 1024w, https:\/\/spinstein.net\/wp-content\/uploads\/2026\/03\/Spinstein-iOS-App-768x330.webp 768w\" sizes=\"auto, (max-width: 1248px) 100vw, 1248px\" \/><\/p>\n<\/div><\/div><div style=\"clear: both\"><\/div><div class=\"d-flex justify-content-center\"><button data-item=\"decouvrez_link\" data-group=\"website_links\" class=\"goto fw-bold rounded-pill btn btn-orange\" aria-label=\"Pobierz Spinstein\" >Pobierz Spinstein<\/button><\/div><div class=\"scrollable-content-wrap my-5\"><div class=\"scrollable-content-inner\"><h2>Bezpiecze\u0144stwo PWA<\/h2>\n<p>Aplikacja PWA kasyna Spin Stein zosta\u0142a stworzona z my\u015bl\u0105 o bezpiecze\u0144stwie jako priorytecie, spe\u0142niaj\u0105c standardy ochrony naszej platformy na komputery stacjonarne. Aplikacja PWA eliminuje ryzyko zwi\u0105zane z niezweryfikowanymi plikami APK; ca\u0142a transmisja danych w ramach aplikacji wykorzystuje szyfrowanie TLS 1.3 i protoko\u0142y HTTPS, gwarantuj\u0105c ochron\u0119 informacji finansowych i osobistych podczas gry.<\/p>\n<p>Aplikacja nie wymaga \u017cadnych dodatkowych uprawnie\u0144 poza standardowym dost\u0119pem przegl\u0105darki, co zapobiega nieautoryzowanemu gromadzeniu danych. Automatyczne aktualizacje zapewniaj\u0105 natychmiastowe poprawki bezpiecze\u0144stwa bez interwencji u\u017cytkownika.<\/p>\n<p><img loading=\"lazy\" decoding=\"async\" class=\"alignnone size-full wp-image-1944\" src=\"https:\/\/spinstein.net\/wp-content\/uploads\/2026\/03\/Spinstein-Desktop.webp\" alt=\"Spinstein Desktop\" width=\"1248\" height=\"536\" srcset=\"https:\/\/spinstein.net\/wp-content\/uploads\/2026\/03\/Spinstein-Desktop.webp 1248w, https:\/\/spinstein.net\/wp-content\/uploads\/2026\/03\/Spinstein-Desktop-300x129.webp 300w, https:\/\/spinstein.net\/wp-content\/uploads\/2026\/03\/Spinstein-Desktop-1024x440.webp 1024w, https:\/\/spinstein.net\/wp-content\/uploads\/2026\/03\/Spinstein-Desktop-768x330.webp 768w\" sizes=\"auto, (max-width: 1248px) 100vw, 1248px\" \/><\/p>\n<\/div><\/div><div style=\"clear: both\"><\/div><div class=\"d-flex justify-content-center\"><button data-item=\"decouvrez_link\" data-group=\"website_links\" class=\"goto fw-bold rounded-pill btn btn-orange\" aria-label=\"Pobierz aplikacj\u0119 Spinstein\" >Pobierz aplikacj\u0119 Spinstein<\/button><\/div><div class=\"scrollable-content-wrap my-5\"><div class=\"scrollable-content-inner\"><h2>Dlaczego warto gra\u0107 na urz\u0105dzeniach mobilnych<\/h2>\n<p>Gra na platformie mobilnej to \u015bwietny spos\u00f3b na urozmaicenie wra\u017ce\u0144 z gry. Dzi\u0119ki aplikacji Spinstein mo\u017cesz gra\u0107 w podr\u00f3\u017cy, nie rezygnuj\u0105c z wygody wersji internetowej. Powiadomienia push dostarczaj\u0105 informacji w czasie rzeczywistym o aktualizacjach turniej\u00f3w i ofertach specjalnych.<\/p>\n<p>Te same procedury bezpiecze\u0144stwa i pe\u0142ne funkcje konta, co na urz\u0105dzeniach stacjonarnych, s\u0105 w ca\u0142o\u015bci przeniesione na urz\u0105dzenia mobilne, a sterowanie zoptymalizowane pod k\u0105tem ekran\u00f3w dotykowych sprawia, \u017ce nawigacja jest prosta. W przeciwie\u0144stwie do aplikacji ze sklep\u00f3w, aplikacje PWA kasyna Spinstein aktualizuj\u0105 si\u0119 automatycznie, bez konieczno\u015bci podejmowania jakichkolwiek dzia\u0142a\u0144 przez u\u017cytkownika.<\/p>\n<h2>FAQ<\/h2>\n<h3>Czy aplikacja Spinstein obs\u0142uguje te same metody p\u0142atno\u015bci, co strona internetowa?<\/h3>\n<p>Tak, aplikacja Spin Stein Casino oferuje wszystkie te same opcje p\u0142atno\u015bci, co wersja na komputery stacjonarne. Dzi\u0119ki tej samej szybko\u015bci przetwarzania i ograniczeniom na wszystkich platformach gracze mog\u0105 dokonywa\u0107 wp\u0142at i wyp\u0142at przy u\u017cyciu dowolnej metody p\u0142atno\u015bci, kt\u00f3ra jest dla nich wygodna.<\/p>\n<h3>Czy aplikacja szybko wyczerpie bateri\u0119 mojego telefonu?<\/h3>\n<p>Nie, w por\u00f3wnaniu z oprogramowaniem natywnym lub d\u0142ugimi sesjami przegl\u0105dania, aplikacja PWA Spinstein Casino zu\u017cywa znacznie mniej baterii, poniewa\u017c jest zoptymalizowana pod k\u0105tem efektywno\u015bci energetycznej. Nasza aplikacja PWA dzia\u0142a tylko wtedy, gdy jest aktywna, oszcz\u0119dzaj\u0105c bateri\u0119 na d\u0142u\u017csze sesje gry w podr\u00f3\u017cy, w przeciwie\u0144stwie do konwencjonalnych program\u00f3w, kt\u00f3re uruchamiaj\u0105 liczne procesy w tle.<\/p>\n<h3>Czy mog\u0119 korzysta\u0107 z mojego istniej\u0105cego konta w aplikacji?<\/h3>\n<p>Tak, zar\u00f3wno wersja stacjonarna, jak i mobilna Twojego obecnego konta w Spinstein Casino dzia\u0142aj\u0105 bez zarzutu. Wszystkie dane konta, salda, historia transakcji oraz status lojalno\u015bciowy b\u0119d\u0105 \u0142atwo dost\u0119pne w aplikacji, je\u015bli zalogujesz si\u0119 przy u\u017cyciu tego samego adresu e-mail i has\u0142a, kt\u00f3rych u\u017cy\u0142e\u015b podczas rejestracji. Korzystanie z wersji mobilnej nie wymaga zak\u0142adania drugiego konta.<\/p>\n<h3>Czy wszystkie gry kasynowe s\u0105 dost\u0119pne na urz\u0105dzeniach mobilnych?<\/h3>\n<p>Tak, we wszystkie tytu\u0142y kasyna Spinstein mo\u017cna gra\u0107 na telefonach i tabletach. Dzi\u0119ki aplikacji PWA gracze maj\u0105 nieograniczony dost\u0119p do automat\u00f3w, gier sto\u0142owych i kasyn na \u017cywo. Wersja mobilna dzia\u0142a i ma te same funkcje we wszystkich kategoriach.<\/p>\n<\/div><\/div><\/p>\n","protected":false},"excerpt":{"rendered":"<p>Aplikacja Spinstein: mobilne gry kasynowe Spinstein App oferuje lepsz\u0105 rozgrywk\u0119 w por\u00f3wnaniu z wersj\u0105 internetow\u0105. Wszyscy polscy u\u017cytkownicy mog\u0105 gra\u0107 w dowolnym miejscu, pobieraj\u0105c aplikacj\u0119 mobiln\u0105 na systemy Android i iOS lub instaluj\u0105c j\u0105 na komputerze stacjonarnym. W naszym kasynie mobilnym masz dost\u0119p do pe\u0142nej biblioteki gier, takich jak popularne automaty online, sekcja z krupierami [&hellip;]<\/p>\n","protected":false},"author":1,"featured_media":0,"parent":0,"menu_order":0,"comment_status":"closed","ping_status":"closed","template":"template-builder.php","meta":{"_acf_changed":false,"inline_featured_image":false,"footnotes":""},"class_list":["post-1447","page","type-page","status-publish","hentry"],"acf":[],"yoast_head":"<!-- This site is optimized with the Yoast SEO plugin v27.3 - https:\/\/yoast.com\/product\/yoast-seo-wordpress\/ -->\n<title>Spinstein Casino App | Oficjalna Aplikacja na Android &amp; iOS<\/title>\n<meta name=\"description\" content=\"Spinstein Casino App \u2013 pobierz oficjaln\u0105 aplikacj\u0119 na Android i iOS i no\u015b tysi\u0105ce gier w kieszeni. Korzystaj z powiadomie\u0144 push o nowych bonusach, logowania odciskiem palca i natychmiastowych wp\u0142at z Spin Stein.\" \/>\n<meta name=\"robots\" content=\"index, follow, max-snippet:-1, max-image-preview:large, max-video-preview:-1\" \/>\n<link rel=\"canonical\" href=\"https:\/\/spinstein.net\/pl\/aplikacja\/\" \/>\n<meta property=\"og:locale\" content=\"pl_PL\" \/>\n<meta property=\"og:type\" content=\"article\" \/>\n<meta property=\"og:title\" content=\"Spinstein Casino App | Oficjalna Aplikacja na Android &amp; iOS\" \/>\n<meta property=\"og:description\" content=\"Spinstein Casino App \u2013 pobierz oficjaln\u0105 aplikacj\u0119 na Android i iOS i no\u015b tysi\u0105ce gier w kieszeni. Korzystaj z powiadomie\u0144 push o nowych bonusach, logowania odciskiem palca i natychmiastowych wp\u0142at z Spin Stein.\" \/>\n<meta property=\"og:url\" content=\"https:\/\/spinstein.net\/pl\/aplikacja\/\" \/>\n<meta property=\"og:site_name\" content=\"spinstein\" \/>\n<meta property=\"article:modified_time\" content=\"2026-03-31T12:58:51+00:00\" \/>\n<meta name=\"twitter:card\" content=\"summary_large_image\" \/>\n<meta name=\"twitter:label1\" content=\"Est. reading time\" \/>\n\t<meta name=\"twitter:data1\" content=\"1 minute\" \/>\n<script type=\"application\/ld+json\" class=\"yoast-schema-graph\">{\"@context\":\"https:\\\/\\\/schema.org\",\"@graph\":[{\"@type\":\"WebPage\",\"@id\":\"https:\\\/\\\/spinstein.net\\\/pl\\\/aplikacja\\\/\",\"url\":\"https:\\\/\\\/spinstein.net\\\/pl\\\/aplikacja\\\/\",\"name\":\"Spinstein Casino App | Oficjalna Aplikacja na Android & iOS\",\"isPartOf\":{\"@id\":\"https:\\\/\\\/spinstein.net\\\/pl\\\/#website\"},\"datePublished\":\"2026-01-20T12:08:23+00:00\",\"dateModified\":\"2026-03-31T12:58:51+00:00\",\"description\":\"Spinstein Casino App \u2013 pobierz oficjaln\u0105 aplikacj\u0119 na Android i iOS i no\u015b tysi\u0105ce gier w kieszeni. Korzystaj z powiadomie\u0144 push o nowych bonusach, logowania odciskiem palca i natychmiastowych wp\u0142at z Spin Stein.\",\"breadcrumb\":{\"@id\":\"https:\\\/\\\/spinstein.net\\\/pl\\\/aplikacja\\\/#breadcrumb\"},\"inLanguage\":\"pl-PL\",\"potentialAction\":[{\"@type\":\"ReadAction\",\"target\":[\"https:\\\/\\\/spinstein.net\\\/pl\\\/aplikacja\\\/\"]}]},{\"@type\":\"BreadcrumbList\",\"@id\":\"https:\\\/\\\/spinstein.net\\\/pl\\\/aplikacja\\\/#breadcrumb\",\"itemListElement\":[{\"@type\":\"ListItem\",\"position\":1,\"name\":\"Spinstein\",\"item\":\"https:\\\/\\\/spinstein.net\\\/pl\\\/\"},{\"@type\":\"ListItem\",\"position\":2,\"name\":\"Aplikacja\"}]},{\"@type\":\"WebSite\",\"@id\":\"https:\\\/\\\/spinstein.net\\\/pl\\\/#website\",\"url\":\"https:\\\/\\\/spinstein.net\\\/pl\\\/\",\"name\":\"Spinstein\",\"description\":\"\",\"publisher\":{\"@id\":\"https:\\\/\\\/spinstein.net\\\/pl\\\/#organization\"},\"potentialAction\":[{\"@type\":\"SearchAction\",\"target\":{\"@type\":\"EntryPoint\",\"urlTemplate\":\"https:\\\/\\\/spinstein.net\\\/pl\\\/?s={search_term_string}\"},\"query-input\":{\"@type\":\"PropertyValueSpecification\",\"valueRequired\":true,\"valueName\":\"search_term_string\"}}],\"inLanguage\":\"pl-PL\"},{\"@type\":\"Organization\",\"@id\":\"https:\\\/\\\/spinstein.net\\\/pl\\\/#organization\",\"name\":\"Spinstein\",\"url\":\"https:\\\/\\\/spinstein.net\\\/pl\\\/\",\"logo\":{\"@type\":\"ImageObject\",\"inLanguage\":\"pl-PL\",\"@id\":\"https:\\\/\\\/spinstein.net\\\/pl\\\/#\\\/schema\\\/logo\\\/image\\\/\",\"url\":\"https:\\\/\\\/spinstein.net\\\/wp-content\\\/uploads\\\/2026\\\/03\\\/spinstein-logo.png\",\"contentUrl\":\"https:\\\/\\\/spinstein.net\\\/wp-content\\\/uploads\\\/2026\\\/03\\\/spinstein-logo.png\",\"width\":166,\"height\":40,\"caption\":\"Spinstein\"},\"image\":{\"@id\":\"https:\\\/\\\/spinstein.net\\\/pl\\\/#\\\/schema\\\/logo\\\/image\\\/\"}}]}<\/script>\n<!-- \/ Yoast SEO plugin. -->","yoast_head_json":{"title":"Spinstein Casino App | Oficjalna Aplikacja na Android & iOS","description":"Spinstein Casino App \u2013 pobierz oficjaln\u0105 aplikacj\u0119 na Android i iOS i no\u015b tysi\u0105ce gier w kieszeni. Korzystaj z powiadomie\u0144 push o nowych bonusach, logowania odciskiem palca i natychmiastowych wp\u0142at z Spin Stein.","robots":{"index":"index","follow":"follow","max-snippet":"max-snippet:-1","max-image-preview":"max-image-preview:large","max-video-preview":"max-video-preview:-1"},"canonical":"https:\/\/spinstein.net\/pl\/aplikacja\/","og_locale":"pl_PL","og_type":"article","og_title":"Spinstein Casino App | Oficjalna Aplikacja na Android & iOS","og_description":"Spinstein Casino App \u2013 pobierz oficjaln\u0105 aplikacj\u0119 na Android i iOS i no\u015b tysi\u0105ce gier w kieszeni. Korzystaj z powiadomie\u0144 push o nowych bonusach, logowania odciskiem palca i natychmiastowych wp\u0142at z Spin Stein.","og_url":"https:\/\/spinstein.net\/pl\/aplikacja\/","og_site_name":"spinstein","article_modified_time":"2026-03-31T12:58:51+00:00","twitter_card":"summary_large_image","twitter_misc":{"Est. reading time":"1 minute"},"schema":{"@context":"https:\/\/schema.org","@graph":[{"@type":"WebPage","@id":"https:\/\/spinstein.net\/pl\/aplikacja\/","url":"https:\/\/spinstein.net\/pl\/aplikacja\/","name":"Spinstein Casino App | Oficjalna Aplikacja na Android & iOS","isPartOf":{"@id":"https:\/\/spinstein.net\/pl\/#website"},"datePublished":"2026-01-20T12:08:23+00:00","dateModified":"2026-03-31T12:58:51+00:00","description":"Spinstein Casino App \u2013 pobierz oficjaln\u0105 aplikacj\u0119 na Android i iOS i no\u015b tysi\u0105ce gier w kieszeni. Korzystaj z powiadomie\u0144 push o nowych bonusach, logowania odciskiem palca i natychmiastowych wp\u0142at z Spin Stein.","breadcrumb":{"@id":"https:\/\/spinstein.net\/pl\/aplikacja\/#breadcrumb"},"inLanguage":"pl-PL","potentialAction":[{"@type":"ReadAction","target":["https:\/\/spinstein.net\/pl\/aplikacja\/"]}]},{"@type":"BreadcrumbList","@id":"https:\/\/spinstein.net\/pl\/aplikacja\/#breadcrumb","itemListElement":[{"@type":"ListItem","position":1,"name":"Spinstein","item":"https:\/\/spinstein.net\/pl\/"},{"@type":"ListItem","position":2,"name":"Aplikacja"}]},{"@type":"WebSite","@id":"https:\/\/spinstein.net\/pl\/#website","url":"https:\/\/spinstein.net\/pl\/","name":"Spinstein","description":"","publisher":{"@id":"https:\/\/spinstein.net\/pl\/#organization"},"potentialAction":[{"@type":"SearchAction","target":{"@type":"EntryPoint","urlTemplate":"https:\/\/spinstein.net\/pl\/?s={search_term_string}"},"query-input":{"@type":"PropertyValueSpecification","valueRequired":true,"valueName":"search_term_string"}}],"inLanguage":"pl-PL"},{"@type":"Organization","@id":"https:\/\/spinstein.net\/pl\/#organization","name":"Spinstein","url":"https:\/\/spinstein.net\/pl\/","logo":{"@type":"ImageObject","inLanguage":"pl-PL","@id":"https:\/\/spinstein.net\/pl\/#\/schema\/logo\/image\/","url":"https:\/\/spinstein.net\/wp-content\/uploads\/2026\/03\/spinstein-logo.png","contentUrl":"https:\/\/spinstein.net\/wp-content\/uploads\/2026\/03\/spinstein-logo.png","width":166,"height":40,"caption":"Spinstein"},"image":{"@id":"https:\/\/spinstein.net\/pl\/#\/schema\/logo\/image\/"}}]}},"_links":{"self":[{"href":"https:\/\/spinstein.net\/pl\/wp-json\/wp\/v2\/pages\/1447","targetHints":{"allow":["GET"]}}],"collection":[{"href":"https:\/\/spinstein.net\/pl\/wp-json\/wp\/v2\/pages"}],"about":[{"href":"https:\/\/spinstein.net\/pl\/wp-json\/wp\/v2\/types\/page"}],"author":[{"embeddable":true,"href":"https:\/\/spinstein.net\/pl\/wp-json\/wp\/v2\/users\/1"}],"replies":[{"embeddable":true,"href":"https:\/\/spinstein.net\/pl\/wp-json\/wp\/v2\/comments?post=1447"}],"version-history":[{"count":3,"href":"https:\/\/spinstein.net\/pl\/wp-json\/wp\/v2\/pages\/1447\/revisions"}],"predecessor-version":[{"id":2069,"href":"https:\/\/spinstein.net\/pl\/wp-json\/wp\/v2\/pages\/1447\/revisions\/2069"}],"wp:attachment":[{"href":"https:\/\/spinstein.net\/pl\/wp-json\/wp\/v2\/media?parent=1447"}],"curies":[{"name":"wp","href":"https:\/\/api.w.org\/{rel}","templated":true}]}}