{"id":1445,"date":"2026-01-20T12:08:23","date_gmt":"2026-01-20T12:08:23","guid":{"rendered":"https:\/\/bonuskongcasino.com\/app\/"},"modified":"2026-03-31T13:33:15","modified_gmt":"2026-03-31T12:33:15","slug":"applicazione","status":"publish","type":"page","link":"https:\/\/spinstein.net\/it\/applicazione\/","title":{"rendered":"Applicazione"},"content":{"rendered":"<h1>Spinstein App: giochi da casin\u00f2 su dispositivi mobili<\/h1>\n<p>Spinstein App offre un&#8217;esperienza di gioco migliorata rispetto alla versione web. Tutti gli utenti italiani possono giocare ovunque si trovino scaricando l&#8217;app per Android e iOS o installandola sul proprio computer. Nel nostro casin\u00f2 mobile avrai accesso a una libreria completa di giochi, tra cui le popolari slot online, una sezione con croupier dal vivo e molto altro. A differenza della versione standard, l&#8217;app funziona in modo pi\u00f9 fluido e veloce. Le funzionalit\u00e0 dell&#8217;app Spinstein sono identiche a quelle della versione standard, senza alcuna limitazione.<\/p>\n<div class=\"banner-wrap\" aria-label=\"Banner\"><img src=\"https:\/\/spinstein.net\/wp-content\/uploads\/2026\/03\/Spinstein-banner-carousel-800\u0445400.webp\" class=\"w-100 d-none d-lg-block img-pc main-banner-img\" alt=\"spinstein banner desktop\" fetchpriority=\"high\" decoding=\"async\"><img src=\"https:\/\/spinstein.net\/wp-content\/uploads\/2026\/03\/spinstein-banner-mobile.webp\" class=\"w-100 d-none d-md-block d-lg-none main-banner-img\" alt=\"spinstein banner mobile\" fetchpriority=\"high\" decoding=\"async\"><img src=\"https:\/\/spinstein.net\/wp-content\/uploads\/2026\/03\/spinstein-banner-mobile.webp\" class=\"w-100 d-md-none\" alt=\"spinstein banner mobile\" fetchpriority=\"high\" decoding=\"async\"><div class=\"banner-description\">\n<div class=\"banner-title\">Bonus di benvenuto<\/div>\n<p class=\"banner-header-title\">1500 \u20ac<\/p>\n<div class=\"banner-header-AdditionalText\">+ 250 Giri gratuiti<\/div>\n<button data-item=\"homepage_banner_link\" class=\"goto m-button m-gradient-border m-button--primary m-button--large banner-button btn-orange\">\n            <div class=\"m-button-content\">\n                <span>Iscriviti ora<\/span>\n                <span><\/span>\n            <\/div>\n        <\/button>\n<\/div>\n<div class=\"WelcomePack\">\n<p><img loading=\"lazy\" decoding=\"async\" class=\"alignnone size-full wp-image-1855\" src=\"https:\/\/spinstein.net\/wp-content\/uploads\/2026\/03\/welcome-crown.png\" alt=\"crown\" width=\"25\" height=\"26\" \/><\/p>\n<div class=\"WelcomePack-Info\">Cashback settimanale fino al 25%<\/div>\n<p><img loading=\"lazy\" decoding=\"async\" class=\"alignnone size-full wp-image-1855\" src=\"https:\/\/spinstein.net\/wp-content\/uploads\/2026\/03\/welcome-crown.png\" alt=\"crown\" width=\"25\" height=\"26\" \/><\/p>\n<\/div>\n<\/div>\n<h2>Funzionalit\u00e0 dell&#8217;app Spinstein<\/h2>\n<p>Quando abbiamo sviluppato la nostra app Spinstein, il nostro obiettivo principale era quello di trasferire tutte le funzionalit\u00e0 dalla versione web. Abbiamo scelto il formato PWA perch\u00e9 \u00e8 possibile installarlo direttamente dal sito web e non richiede l&#8217;interazione con fonti di terze parti. Inoltre, le PWA occupano meno spazio sul tuo dispositivo e si caricano pi\u00f9 velocemente.<\/p>\n<p>I giocatori che utilizzano il nostro software vengono immediatamente informati sui nuovi eventi e sulle promozioni tramite notifiche push. Ecco i principali vantaggi dell&#8217;app Spinstein rispetto alla versione desktop che possiamo evidenziare:<\/p>\n<table>\n<tbody>\n<tr>\n<td>Vantaggio<\/td>\n<td>Descrizione<\/td>\n<\/tr>\n<tr>\n<td>Download immediato<\/td>\n<td>Nessuna risorsa di terze parti, direttamente dal browser.<\/td>\n<\/tr>\n<tr>\n<td>Utilizzo minimo di spazio di archiviazione<\/td>\n<td>La tecnologia PWA consente di risparmiare spazio sul dispositivo.<\/td>\n<\/tr>\n<tr>\n<td>Notifiche push<\/td>\n<td>Aggiornamenti in tempo reale su promozioni ed eventi<\/td>\n<\/tr>\n<tr>\n<td>Caricamento pi\u00f9 veloce<\/td>\n<td>Prestazioni ottimizzate per l&#8217;accesso in movimento<\/td>\n<\/tr>\n<\/tbody>\n<\/table>\n<p><div class=\"scrollable-content-wrap my-5\"><div class=\"scrollable-content-inner\"><h2>Spinstein App \u2013 APK per Android<\/h2>\n<p>Non offriamo un APK dedicato di Spinstein per Android, poich\u00e9 diamo la priorit\u00e0 alla sicurezza di ogni utente. A differenza di un APK, scarichi il nostro software direttamente dal nostro sito, il che impedisce agli hacker di accedere ai tuoi dati.<\/p>\n<p>Per scaricare Spinstein Casino sul tuo dispositivo Android, segui questi semplici passaggi:<\/p>\n<ol>\n<li>Apri il browser e vai sul nostro sito ufficiale.<\/li>\n<li>Dopo aver aperto il nostro sito web nel browser, tocca il menu con i tre puntini.<\/li>\n<li>Quindi, scorri verso il basso e clicca su \u201cAggiungi alla schermata Home\u201d.<\/li>\n<li>Scegli un nome per l&#8217;applicazione o lascialo cos\u00ec com&#8217;\u00e8, quindi premi \u201cAggiungi\u201d nell&#8217;angolo in alto a destra.<\/li>\n<\/ol>\n<p>Una volta completati tutti i passaggi, clicca sull&#8217;icona per iniziare la tua avventura al casin\u00f2. Puoi utilizzare la versione mobile della piattaforma per gestire il tuo profilo personale, navigare nella lobby e richiedere bonus, oltre a molte altre cose. Puoi sempre utilizzare la chat live per metterti in contatto con il nostro team di assistenza se hai problemi con uno dei passaggi sopra indicati.<\/p>\n<p><img loading=\"lazy\" decoding=\"async\" class=\"alignnone size-full wp-image-1927\" src=\"https:\/\/spinstein.net\/wp-content\/uploads\/2026\/03\/Spinstein-Android-App.webp\" alt=\"Spinstein Android App\" width=\"1248\" height=\"536\" srcset=\"https:\/\/spinstein.net\/wp-content\/uploads\/2026\/03\/Spinstein-Android-App.webp 1248w, https:\/\/spinstein.net\/wp-content\/uploads\/2026\/03\/Spinstein-Android-App-300x129.webp 300w, https:\/\/spinstein.net\/wp-content\/uploads\/2026\/03\/Spinstein-Android-App-1024x440.webp 1024w, https:\/\/spinstein.net\/wp-content\/uploads\/2026\/03\/Spinstein-Android-App-768x330.webp 768w\" sizes=\"auto, (max-width: 1248px) 100vw, 1248px\" \/><\/p>\n<\/div><\/div><div style=\"clear: both\"><\/div><div class=\"d-flex justify-content-center\"><button data-item=\"decouvrez_link\" data-group=\"website_links\" class=\"goto fw-bold rounded-pill btn btn-orange\" aria-label=\"Scarica l&#039;app Spinstein\" >Scarica l&#039;app Spinstein<\/button><\/div><div class=\"scrollable-content-wrap my-5\"><div class=\"scrollable-content-inner\"><h2>Spinstein App per iOS<\/h2>\n<p>Non \u00e8 necessario visitare App Store per accedere al software di Spinstein Casino su iOS; devi invece seguire quasi le stesse istruzioni previste per Android. Nella parte inferiore dello schermo, tocca il pulsante Condividi. Una volta confermata l&#8217;impostazione, l&#8217;icona apparir\u00e0 sulla tua schermata iniziale. Accedi al programma, inserisci i tuoi dati e ottieni pieno accesso a tutte le funzionalit\u00e0.<\/p>\n<p><img loading=\"lazy\" decoding=\"async\" class=\"alignnone size-full wp-image-1935\" src=\"https:\/\/spinstein.net\/wp-content\/uploads\/2026\/03\/Spinstein-iOS-App.webp\" alt=\"Spinstein iOS App\" width=\"1248\" height=\"536\" srcset=\"https:\/\/spinstein.net\/wp-content\/uploads\/2026\/03\/Spinstein-iOS-App.webp 1248w, https:\/\/spinstein.net\/wp-content\/uploads\/2026\/03\/Spinstein-iOS-App-300x129.webp 300w, https:\/\/spinstein.net\/wp-content\/uploads\/2026\/03\/Spinstein-iOS-App-1024x440.webp 1024w, https:\/\/spinstein.net\/wp-content\/uploads\/2026\/03\/Spinstein-iOS-App-768x330.webp 768w\" sizes=\"auto, (max-width: 1248px) 100vw, 1248px\" \/><\/p>\n<\/div><\/div><div style=\"clear: both\"><\/div><div class=\"d-flex justify-content-center\"><button data-item=\"decouvrez_link\" data-group=\"website_links\" class=\"goto fw-bold rounded-pill btn btn-orange\" aria-label=\"Scarica Spinstein\" >Scarica Spinstein<\/button><\/div><div class=\"scrollable-content-wrap my-5\"><div class=\"scrollable-content-inner\"><h2>Sicurezza PWA<\/h2>\n<p>La PWA di Spin Stein Casino \u00e8 stata creata ponendo la sicurezza al primo posto, in linea con gli standard di protezione della nostra piattaforma desktop. La PWA elimina i rischi associati ai file APK non verificati; tutte le trasmissioni di dati all&#8217;interno del programma utilizzano la crittografia TLS 1.3 e i protocolli HTTPS, garantendo che le informazioni finanziarie e personali siano protette durante il gioco. L&#8217;applicazione non richiede autorizzazioni aggiuntive oltre all&#8217;accesso standard al browser, impedendo la raccolta non autorizzata di dati. Gli aggiornamenti automatici forniscono patch di sicurezza istantaneamente senza l&#8217;intervento dell&#8217;utente.<\/p>\n<p><img loading=\"lazy\" decoding=\"async\" class=\"alignnone size-full wp-image-1943\" src=\"https:\/\/spinstein.net\/wp-content\/uploads\/2026\/03\/Spinstein-Desktop.webp\" alt=\"Spinstein Desktop\" width=\"1248\" height=\"536\" srcset=\"https:\/\/spinstein.net\/wp-content\/uploads\/2026\/03\/Spinstein-Desktop.webp 1248w, https:\/\/spinstein.net\/wp-content\/uploads\/2026\/03\/Spinstein-Desktop-300x129.webp 300w, https:\/\/spinstein.net\/wp-content\/uploads\/2026\/03\/Spinstein-Desktop-1024x440.webp 1024w, https:\/\/spinstein.net\/wp-content\/uploads\/2026\/03\/Spinstein-Desktop-768x330.webp 768w\" sizes=\"auto, (max-width: 1248px) 100vw, 1248px\" \/><\/p>\n<\/div><\/div><div style=\"clear: both\"><\/div><div class=\"d-flex justify-content-center\"><button data-item=\"decouvrez_link\" data-group=\"website_links\" class=\"goto fw-bold rounded-pill btn btn-orange\" aria-label=\"Scarica l&#039;app Spinstein\" >Scarica l&#039;app Spinstein<\/button><\/div><div class=\"scrollable-content-wrap my-5\"><div class=\"scrollable-content-inner\"><h2>Perch\u00e9 giocare su dispositivi mobili<\/h2>\n<p>Giocare su una piattaforma mobile \u00e8 un ottimo modo per aggiungere variet\u00e0 alla tua esperienza di gioco. Con l&#8217;app Spinstein, puoi giocare ovunque ti trovi senza rinunciare alla comodit\u00e0 della versione web. Le notifiche push ti forniscono informazioni in tempo reale sugli aggiornamenti dei tornei e sulle offerte speciali.<\/p>\n<p>Le stesse procedure di sicurezza e le funzionalit\u00e0 complete dell&#8217;account dei dispositivi desktop sono trasferite integralmente sui dispositivi mobili, e i comandi ottimizzati per il touch rendono la navigazione semplice. A differenza delle applicazioni disponibili negli store, le PWA di Spinstein Casino si aggiornano automaticamente senza che l&#8217;utente debba fare nulla.<\/p>\n<h2>Domande frequenti<\/h2>\n<h3>L&#8217;app Spinstein supporta tutti gli stessi metodi di pagamento del sito web?<\/h3>\n<p>S\u00ec, l&#8217;applicazione Spin Stein Casino offre tutte le stesse opzioni di pagamento della versione desktop. Con le stesse velocit\u00e0 di elaborazione e le stesse restrizioni su tutte le piattaforme, i giocatori possono effettuare depositi e prelievi utilizzando qualsiasi metodo di pagamento che preferiscono.<\/p>\n<h3>L&#8217;app scaricher\u00e0 rapidamente la batteria del mio telefono?<\/h3>\n<p>No, rispetto al software nativo o alle sessioni di navigazione prolungate, la PWA di Spinstein Casino consuma molta meno batteria perch\u00e9 \u00e8 ottimizzata per l&#8217;efficienza energetica. La nostra PWA funziona solo quando \u00e8 attiva, risparmiando la durata della batteria per sessioni di gioco pi\u00f9 lunghe mentre si \u00e8 in viaggio, a differenza dei programmi convenzionali che eseguono numerosi processi in background.<\/p>\n<h3>Posso utilizzare il mio account esistente nell&#8217;app?<\/h3>\n<p>S\u00ec, sia la versione desktop che quella mobile del tuo attuale account Spinstein Casino funzionano perfettamente. Tutti i dati del tuo account, i saldi, la cronologia delle transazioni e lo stato del programma fedelt\u00e0 saranno immediatamente accessibili sull&#8217;app se effettui l&#8217;accesso con lo stesso indirizzo e-mail e la stessa password utilizzati per la registrazione. L&#8217;accesso da dispositivo mobile non richiede la creazione di un secondo account.<\/p>\n<h3>Tutti i giochi del casin\u00f2 sono disponibili su dispositivi mobili?<\/h3>\n<p>S\u00ec, tutti i titoli di Spin Stein Casino possono essere giocati su telefoni e tablet. Attraverso la PWA, i giocatori possono accedere a slot, giochi da tavolo e casin\u00f2 dal vivo senza limiti. La versione mobile funziona e ha le stesse caratteristiche in ogni categoria.<\/p>\n<\/div><\/div><\/p>\n","protected":false},"excerpt":{"rendered":"<p>Spinstein App: giochi da casin\u00f2 su dispositivi mobili Spinstein App offre un&#8217;esperienza di gioco migliorata rispetto alla versione web. Tutti gli utenti italiani possono giocare ovunque si trovino scaricando l&#8217;app per Android e iOS o installandola sul proprio computer. Nel nostro casin\u00f2 mobile avrai accesso a una libreria completa di giochi, tra cui le popolari [&hellip;]<\/p>\n","protected":false},"author":1,"featured_media":0,"parent":0,"menu_order":0,"comment_status":"closed","ping_status":"closed","template":"template-builder.php","meta":{"_acf_changed":false,"inline_featured_image":false,"footnotes":""},"class_list":["post-1445","page","type-page","status-publish","hentry"],"acf":[],"yoast_head":"<!-- This site is optimized with the Yoast SEO plugin v27.3 - https:\/\/yoast.com\/product\/yoast-seo-wordpress\/ -->\n<title>Spinstein Casino App | App Ufficiale per Android &amp; iOS<\/title>\n<meta name=\"description\" content=\"Spinstein Casino App \u2013 scarica l&#039;app ufficiale per Android e iOS e porta migliaia di giochi in tasca. Goditi notifiche push per nuovi bonus, accesso con impronta digitale e depositi istantanei con Spin Stein.\" \/>\n<meta name=\"robots\" content=\"index, follow, max-snippet:-1, max-image-preview:large, max-video-preview:-1\" \/>\n<link rel=\"canonical\" href=\"https:\/\/spinstein.net\/it\/applicazione\/\" \/>\n<meta property=\"og:locale\" content=\"it_IT\" \/>\n<meta property=\"og:type\" content=\"article\" \/>\n<meta property=\"og:title\" content=\"Spinstein Casino App | App Ufficiale per Android &amp; iOS\" \/>\n<meta property=\"og:description\" content=\"Spinstein Casino App \u2013 scarica l&#039;app ufficiale per Android e iOS e porta migliaia di giochi in tasca. Goditi notifiche push per nuovi bonus, accesso con impronta digitale e depositi istantanei con Spin Stein.\" \/>\n<meta property=\"og:url\" content=\"https:\/\/spinstein.net\/it\/applicazione\/\" \/>\n<meta property=\"og:site_name\" content=\"spinstein\" \/>\n<meta property=\"article:modified_time\" content=\"2026-03-31T12:33:15+00:00\" \/>\n<meta name=\"twitter:card\" content=\"summary_large_image\" \/>\n<meta name=\"twitter:label1\" content=\"Est. reading time\" \/>\n\t<meta name=\"twitter:data1\" content=\"2 minutes\" \/>\n<script type=\"application\/ld+json\" class=\"yoast-schema-graph\">{\"@context\":\"https:\\\/\\\/schema.org\",\"@graph\":[{\"@type\":\"WebPage\",\"@id\":\"https:\\\/\\\/spinstein.net\\\/it\\\/applicazione\\\/\",\"url\":\"https:\\\/\\\/spinstein.net\\\/it\\\/applicazione\\\/\",\"name\":\"Spinstein Casino App | App Ufficiale per Android & iOS\",\"isPartOf\":{\"@id\":\"https:\\\/\\\/spinstein.net\\\/it\\\/#website\"},\"datePublished\":\"2026-01-20T12:08:23+00:00\",\"dateModified\":\"2026-03-31T12:33:15+00:00\",\"description\":\"Spinstein Casino App \u2013 scarica l'app ufficiale per Android e iOS e porta migliaia di giochi in tasca. Goditi notifiche push per nuovi bonus, accesso con impronta digitale e depositi istantanei con Spin Stein.\",\"breadcrumb\":{\"@id\":\"https:\\\/\\\/spinstein.net\\\/it\\\/applicazione\\\/#breadcrumb\"},\"inLanguage\":\"it-IT\",\"potentialAction\":[{\"@type\":\"ReadAction\",\"target\":[\"https:\\\/\\\/spinstein.net\\\/it\\\/applicazione\\\/\"]}]},{\"@type\":\"BreadcrumbList\",\"@id\":\"https:\\\/\\\/spinstein.net\\\/it\\\/applicazione\\\/#breadcrumb\",\"itemListElement\":[{\"@type\":\"ListItem\",\"position\":1,\"name\":\"Spinstein\",\"item\":\"https:\\\/\\\/spinstein.net\\\/it\\\/\"},{\"@type\":\"ListItem\",\"position\":2,\"name\":\"Applicazione\"}]},{\"@type\":\"WebSite\",\"@id\":\"https:\\\/\\\/spinstein.net\\\/it\\\/#website\",\"url\":\"https:\\\/\\\/spinstein.net\\\/it\\\/\",\"name\":\"Spinstein\",\"description\":\"\",\"publisher\":{\"@id\":\"https:\\\/\\\/spinstein.net\\\/it\\\/#organization\"},\"potentialAction\":[{\"@type\":\"SearchAction\",\"target\":{\"@type\":\"EntryPoint\",\"urlTemplate\":\"https:\\\/\\\/spinstein.net\\\/it\\\/?s={search_term_string}\"},\"query-input\":{\"@type\":\"PropertyValueSpecification\",\"valueRequired\":true,\"valueName\":\"search_term_string\"}}],\"inLanguage\":\"it-IT\"},{\"@type\":\"Organization\",\"@id\":\"https:\\\/\\\/spinstein.net\\\/it\\\/#organization\",\"name\":\"Spinstein\",\"url\":\"https:\\\/\\\/spinstein.net\\\/it\\\/\",\"logo\":{\"@type\":\"ImageObject\",\"inLanguage\":\"it-IT\",\"@id\":\"https:\\\/\\\/spinstein.net\\\/it\\\/#\\\/schema\\\/logo\\\/image\\\/\",\"url\":\"https:\\\/\\\/spinstein.net\\\/wp-content\\\/uploads\\\/2026\\\/03\\\/spinstein-logo.png\",\"contentUrl\":\"https:\\\/\\\/spinstein.net\\\/wp-content\\\/uploads\\\/2026\\\/03\\\/spinstein-logo.png\",\"width\":166,\"height\":40,\"caption\":\"Spinstein\"},\"image\":{\"@id\":\"https:\\\/\\\/spinstein.net\\\/it\\\/#\\\/schema\\\/logo\\\/image\\\/\"}}]}<\/script>\n<!-- \/ Yoast SEO plugin. -->","yoast_head_json":{"title":"Spinstein Casino App | App Ufficiale per Android & iOS","description":"Spinstein Casino App \u2013 scarica l'app ufficiale per Android e iOS e porta migliaia di giochi in tasca. Goditi notifiche push per nuovi bonus, accesso con impronta digitale e depositi istantanei con Spin Stein.","robots":{"index":"index","follow":"follow","max-snippet":"max-snippet:-1","max-image-preview":"max-image-preview:large","max-video-preview":"max-video-preview:-1"},"canonical":"https:\/\/spinstein.net\/it\/applicazione\/","og_locale":"it_IT","og_type":"article","og_title":"Spinstein Casino App | App Ufficiale per Android & iOS","og_description":"Spinstein Casino App \u2013 scarica l'app ufficiale per Android e iOS e porta migliaia di giochi in tasca. Goditi notifiche push per nuovi bonus, accesso con impronta digitale e depositi istantanei con Spin Stein.","og_url":"https:\/\/spinstein.net\/it\/applicazione\/","og_site_name":"spinstein","article_modified_time":"2026-03-31T12:33:15+00:00","twitter_card":"summary_large_image","twitter_misc":{"Est. reading time":"2 minutes"},"schema":{"@context":"https:\/\/schema.org","@graph":[{"@type":"WebPage","@id":"https:\/\/spinstein.net\/it\/applicazione\/","url":"https:\/\/spinstein.net\/it\/applicazione\/","name":"Spinstein Casino App | App Ufficiale per Android & iOS","isPartOf":{"@id":"https:\/\/spinstein.net\/it\/#website"},"datePublished":"2026-01-20T12:08:23+00:00","dateModified":"2026-03-31T12:33:15+00:00","description":"Spinstein Casino App \u2013 scarica l'app ufficiale per Android e iOS e porta migliaia di giochi in tasca. Goditi notifiche push per nuovi bonus, accesso con impronta digitale e depositi istantanei con Spin Stein.","breadcrumb":{"@id":"https:\/\/spinstein.net\/it\/applicazione\/#breadcrumb"},"inLanguage":"it-IT","potentialAction":[{"@type":"ReadAction","target":["https:\/\/spinstein.net\/it\/applicazione\/"]}]},{"@type":"BreadcrumbList","@id":"https:\/\/spinstein.net\/it\/applicazione\/#breadcrumb","itemListElement":[{"@type":"ListItem","position":1,"name":"Spinstein","item":"https:\/\/spinstein.net\/it\/"},{"@type":"ListItem","position":2,"name":"Applicazione"}]},{"@type":"WebSite","@id":"https:\/\/spinstein.net\/it\/#website","url":"https:\/\/spinstein.net\/it\/","name":"Spinstein","description":"","publisher":{"@id":"https:\/\/spinstein.net\/it\/#organization"},"potentialAction":[{"@type":"SearchAction","target":{"@type":"EntryPoint","urlTemplate":"https:\/\/spinstein.net\/it\/?s={search_term_string}"},"query-input":{"@type":"PropertyValueSpecification","valueRequired":true,"valueName":"search_term_string"}}],"inLanguage":"it-IT"},{"@type":"Organization","@id":"https:\/\/spinstein.net\/it\/#organization","name":"Spinstein","url":"https:\/\/spinstein.net\/it\/","logo":{"@type":"ImageObject","inLanguage":"it-IT","@id":"https:\/\/spinstein.net\/it\/#\/schema\/logo\/image\/","url":"https:\/\/spinstein.net\/wp-content\/uploads\/2026\/03\/spinstein-logo.png","contentUrl":"https:\/\/spinstein.net\/wp-content\/uploads\/2026\/03\/spinstein-logo.png","width":166,"height":40,"caption":"Spinstein"},"image":{"@id":"https:\/\/spinstein.net\/it\/#\/schema\/logo\/image\/"}}]}},"_links":{"self":[{"href":"https:\/\/spinstein.net\/it\/wp-json\/wp\/v2\/pages\/1445","targetHints":{"allow":["GET"]}}],"collection":[{"href":"https:\/\/spinstein.net\/it\/wp-json\/wp\/v2\/pages"}],"about":[{"href":"https:\/\/spinstein.net\/it\/wp-json\/wp\/v2\/types\/page"}],"author":[{"embeddable":true,"href":"https:\/\/spinstein.net\/it\/wp-json\/wp\/v2\/users\/1"}],"replies":[{"embeddable":true,"href":"https:\/\/spinstein.net\/it\/wp-json\/wp\/v2\/comments?post=1445"}],"version-history":[{"count":3,"href":"https:\/\/spinstein.net\/it\/wp-json\/wp\/v2\/pages\/1445\/revisions"}],"predecessor-version":[{"id":2061,"href":"https:\/\/spinstein.net\/it\/wp-json\/wp\/v2\/pages\/1445\/revisions\/2061"}],"wp:attachment":[{"href":"https:\/\/spinstein.net\/it\/wp-json\/wp\/v2\/media?parent=1445"}],"curies":[{"name":"wp","href":"https:\/\/api.w.org\/{rel}","templated":true}]}}