{"id":1482,"date":"2026-01-20T12:11:11","date_gmt":"2026-01-20T12:11:11","guid":{"rendered":"https:\/\/bonuskongcasino.com\/login-and-registration\/"},"modified":"2026-03-31T10:52:33","modified_gmt":"2026-03-31T09:52:33","slug":"connexion-et-inscription","status":"publish","type":"page","link":"https:\/\/spinstein.net\/fr\/connexion-et-inscription\/","title":{"rendered":"Connexion et inscription"},"content":{"rendered":"<h1>Connexion \u00e0 Spinstein<\/h1>\n<p>La proc\u00e9dure de Spinstein login a \u00e9t\u00e9 sp\u00e9cialement con\u00e7ue pour \u00eatre simple et rapide. Connectez-vous pour consulter les promotions en cours, acc\u00e9der \u00e0 votre profil et utiliser toutes les autres fonctionnalit\u00e9s de notre plateforme. Si vous n&rsquo;\u00eates pas encore inscrit, vous pouvez le faire dans cette fen\u00eatre en utilisant votre adresse e-mail ou en cliquant sur le bouton \u00ab Google \u00bb. Veuillez noter que la proc\u00e9dure de connexion \u00e0 Spinstein est r\u00e9serv\u00e9e aux personnes majeures.<\/p>\n<p><div class=\"banner-wrap\" aria-label=\"Banner\"><img src=\"https:\/\/spinstein.net\/wp-content\/uploads\/2026\/03\/Spinstein-banner-carousel-800\u0445400.webp\" class=\"w-100 d-none d-lg-block img-pc main-banner-img\" alt=\"spinstein banner desktop\" fetchpriority=\"high\" decoding=\"async\"><img src=\"https:\/\/spinstein.net\/wp-content\/uploads\/2026\/03\/spinstein-banner-mobile.webp\" class=\"w-100 d-none d-md-block d-lg-none main-banner-img\" alt=\"spinstein banner mobile\" fetchpriority=\"high\" decoding=\"async\"><img src=\"https:\/\/spinstein.net\/wp-content\/uploads\/2026\/03\/spinstein-banner-mobile.webp\" class=\"w-100 d-md-none\" alt=\"spinstein banner mobile\" fetchpriority=\"high\" decoding=\"async\"><div class=\"banner-description\">\n<div class=\"banner-title\">Bonus de bienvenue<\/div>\n<p class=\"banner-header-title\">1500 \u20ac<\/p>\n<div class=\"banner-header-AdditionalText\">+ 250 Tours gratuits<\/div>\n<button data-item=\"homepage_banner_link\" class=\"goto m-button m-gradient-border m-button--primary m-button--large banner-button btn-orange\">\n            <div class=\"m-button-content\">\n                <span>Inscrivez-vous d\u00e8s maintenant<\/span>\n                <span><\/span>\n            <\/div>\n        <\/button>\n<\/div>\n<div class=\"WelcomePack\">\n<p><img loading=\"lazy\" decoding=\"async\" class=\"alignnone size-full wp-image-1852\" src=\"https:\/\/spinstein.net\/wp-content\/uploads\/2026\/03\/welcome-crown.png\" alt=\"crown\" width=\"25\" height=\"26\" \/><\/p>\n<div class=\"WelcomePack-Info\">Cashback hebdomadaire jusqu&rsquo;\u00e0 25 %<\/div>\n<p><img loading=\"lazy\" decoding=\"async\" class=\"alignnone size-full wp-image-1852\" src=\"https:\/\/spinstein.net\/wp-content\/uploads\/2026\/03\/welcome-crown.png\" alt=\"crown\" width=\"25\" height=\"26\" \/><\/p>\n<\/div>\n<\/div><div class=\"scrollable-content-wrap my-5\"><div class=\"scrollable-content-inner\"><h2>Proc\u00e9dure d&rsquo;inscription \u00e0 Spinstein<\/h2>\n<p>L&rsquo;inscription est obligatoire pour jouer en argent r\u00e9el et participer aux promotions. Vous aurez \u00e9galement acc\u00e8s \u00e0 votre profil personnel, o\u00f9 vous pourrez profiter de plusieurs fonctionnalit\u00e9s utiles, telles que des outils de jeu responsable, un programme de fid\u00e9lit\u00e9, et bien plus encore.<\/p>\n<p>Pour cr\u00e9er un compte sur la plateforme Spinstein Casino, vous devez suivre quelques \u00e9tapes simples :<\/p>\n<ol>\n<li>Cliquez sur le bouton \u00ab S&rsquo;inscrire \u00bb sur la page d&rsquo;accueil pour acc\u00e9der au formulaire d&rsquo;inscription.<\/li>\n<li>Choisissez un mot de passe et saisissez votre adresse e-mail ou connectez-vous via Google.<\/li>\n<li>Si vous disposez d&rsquo;un code promotionnel, utilisez-le.<\/li>\n<li>Assurez-vous d&rsquo;avoir au moins 18 ans et d&rsquo;accepter les conditions g\u00e9n\u00e9rales.<\/li>\n<\/ol>\n<p>Une fois votre inscription termin\u00e9e, vous aurez \u00e9galement acc\u00e8s \u00e0 notre promotion la plus populaire et la plus lucrative. Le pack de bienvenue pouvant atteindre 1 500 \u20ac + 250 tours gratuits vous aidera \u00e0 d\u00e9marrer sur le site web de Spin Stein Casino.<\/p>\n<h2>Proc\u00e9dure de connexion \u00e0 Spinstein<\/h2>\n<p>Vous devez suivre la proc\u00e9dure de connexion \u00e0 Spinstein apr\u00e8s avoir rempli le formulaire d&rsquo;inscription. Ce n&rsquo;est pas compliqu\u00e9 non plus. Une fois la proc\u00e9dure termin\u00e9e, il vous suffit de cliquer sur le bouton \u00ab Se connecter \u00bb situ\u00e9 dans le coin sup\u00e9rieur de la page et de saisir les informations que vous avez utilis\u00e9es pour vous inscrire. Vous pouvez \u00e9galement vous connecter \u00e0 l&rsquo;aide de votre compte Google. V\u00e9rifiez tout deux fois, puis cliquez sur le lien \u00e0 la fin du formulaire pour confirmer.<\/p>\n<h3>V\u00e9rification sur Spinstein Casino<\/h3>\n<p>Avant d&rsquo;effectuer votre premier d\u00e9p\u00f4t, vous devez suivre la proc\u00e9dure de v\u00e9rification sur Spin Stein Casino. Cela est n\u00e9cessaire pour s\u00e9curiser votre profil et garantir que vous respectez toutes les conditions d&rsquo;utilisation de la plateforme. Vous pouvez confirmer vos informations personnelles sur votre page personnelle en t\u00e9l\u00e9chargeant des photos nettes d&rsquo;une pi\u00e8ce d&rsquo;identit\u00e9 officielle et d&rsquo;un justificatif de domicile r\u00e9cent, tel qu&rsquo;une facture d&rsquo;\u00e9lectricit\u00e9.<\/p>\n<table>\n<tbody>\n<tr>\n<td>Type de document<\/td>\n<td>Exemples accept\u00e9s<\/td>\n<td>Objectif<\/td>\n<\/tr>\n<tr>\n<td>Pi\u00e8ce d&rsquo;identit\u00e9 officielle<\/td>\n<td>Passeport, permis de conduire, carte d&rsquo;identit\u00e9 nationale<\/td>\n<td>Confirme l&rsquo;identit\u00e9 et l&rsquo;\u00e2ge<\/td>\n<\/tr>\n<tr>\n<td>Justificatif de domicile<\/td>\n<td>Facture de services publics, relev\u00e9 bancaire, courrier officiel<\/td>\n<td>V\u00e9rifie l&rsquo;adresse de r\u00e9sidence<\/td>\n<\/tr>\n<tr>\n<td>Selfie (si demand\u00e9)<\/td>\n<td>Photo sur laquelle vous tenez votre pi\u00e8ce d&rsquo;identit\u00e9 \u00e0 c\u00f4t\u00e9 de votre visage<\/td>\n<td>Pr\u00e9vient l&rsquo;usurpation d&rsquo;identit\u00e9<\/td>\n<\/tr>\n<\/tbody>\n<\/table>\n<p><img loading=\"lazy\" decoding=\"async\" class=\"alignnone size-full wp-image-1948\" src=\"https:\/\/spinstein.net\/wp-content\/uploads\/2026\/03\/Spinstein-Login.webp\" alt=\"Spinstein Login\" width=\"1248\" height=\"536\" srcset=\"https:\/\/spinstein.net\/wp-content\/uploads\/2026\/03\/Spinstein-Login.webp 1248w, https:\/\/spinstein.net\/wp-content\/uploads\/2026\/03\/Spinstein-Login-300x129.webp 300w, https:\/\/spinstein.net\/wp-content\/uploads\/2026\/03\/Spinstein-Login-1024x440.webp 1024w, https:\/\/spinstein.net\/wp-content\/uploads\/2026\/03\/Spinstein-Login-768x330.webp 768w\" sizes=\"auto, (max-width: 1248px) 100vw, 1248px\" \/><\/p>\n<h2>Acc\u00e8s au compte<\/h2>\n<p>Spinstein Casino fonctionne parfaitement sur toutes les plateformes. Vos soldes et vos historiques de jeu sont automatiquement synchronis\u00e9s sur tous vos appareils. Si vous essayez de vous connecter plus de trois fois sans succ\u00e8s, votre compte risque d&rsquo;\u00eatre verrouill\u00e9. Pour v\u00e9rifier et r\u00e9cup\u00e9rer vos identifiants de connexion, contactez notre \u00e9quipe d&rsquo;assistance disponible 24 h\/24 et 7 j\/7 via le chat en direct ou par e-mail. La fonctionnalit\u00e9 de connexion \u00ab Continuer avec Google \u00bb de Spin Stein vous permet de vous connecter en un seul clic sans avoir \u00e0 saisir votre adresse e-mail. Elle respecte les m\u00eames normes de s\u00e9curit\u00e9 et offre les m\u00eames fonctionnalit\u00e9s.<\/p>\n<h2>Comment s\u00e9curiser votre compte<\/h2>\n<p>Il existe plusieurs mesures que vous pouvez prendre pour vous assurer que votre connexion \u00e0 Spin Stein est toujours s\u00e9curis\u00e9e. Dans vos param\u00e8tres personnels, vous pouvez activer l&rsquo;authentification \u00e0 deux facteurs pour ajouter un niveau de s\u00e9curit\u00e9 suppl\u00e9mentaire. Cr\u00e9ez votre propre mot de passe fort compos\u00e9 de lettres, de chiffres et de symboles, et ne le communiquez jamais \u00e0 personne.<\/p>\n<p>\u00c9vitez de vous connecter depuis des r\u00e9seaux Wi-Fi publics, car vos informations risquent davantage d&rsquo;\u00eatre espionn\u00e9es. Nous vous recommandons d&rsquo;utiliser le site web officiel ou l&rsquo;application PWA Spinstein install\u00e9e pour acc\u00e9der \u00e0 notre plateforme, et veuillez contacter imm\u00e9diatement le service d&rsquo;assistance si vous constatez une activit\u00e9 inhabituelle.<\/p>\n<h2>FAQ<\/h2>\n<h3>Puis-je d\u00e9sactiver temporairement mon compte au lieu de le fermer d\u00e9finitivement ?<\/h3>\n<p>Oui, Spinstein propose des p\u00e9riodes de r\u00e9flexion comme alternative \u00e0 la fermeture d\u00e9finitive de l&rsquo;acc\u00e8s. Les joueurs peuvent demander une auto-exclusion temporaire pour des dur\u00e9es sp\u00e9cifiques allant de 24 h \u00e0 plusieurs semaines. Pendant cette p\u00e9riode, l&rsquo;acc\u00e8s \u00e0 la connexion est bloqu\u00e9, mais les informations de l&rsquo;utilisateur restent r\u00e9cup\u00e9rables sans qu&rsquo;il soit n\u00e9cessaire de cr\u00e9er un nouveau profil.<\/p>\n<h3>Comment r\u00e9initialiser mes identifiants de connexion ?<\/h3>\n<p>Pour r\u00e9initialiser votre mot de passe sur Spin Stein Casino, cliquez sur le lien \u00ab Mot de passe oubli\u00e9 \u00bb sur la page d&rsquo;accueil et saisissez votre adresse e-mail enregistr\u00e9e. Un lien de r\u00e9initialisation vous sera envoy\u00e9 en quelques minutes ; suivez les instructions pour cr\u00e9er un nouveau mot de passe. Les noms d&rsquo;utilisateur ne peuvent pas \u00eatre modifi\u00e9s, car votre adresse e-mail ou votre profil Google sert d&rsquo;identifiant d&rsquo;acc\u00e8s permanent.<\/p>\n<h3>Puis-je modifier mon adresse e-mail ou mon nom d&rsquo;utilisateur ?<\/h3>\n<p>Oui, vous pouvez mettre \u00e0 jour votre adresse e-mail sur Spinstein Casino en contactant notre service client multilingue. Notre \u00e9quipe v\u00e9rifie votre identit\u00e9 avant de proc\u00e9der \u00e0 la modification. Les noms d&rsquo;utilisateur sont li\u00e9s \u00e0 l&rsquo;adresse e-mail que vous avez enregistr\u00e9e et ne peuvent pas \u00eatre modifi\u00e9s, mais l&rsquo;adresse associ\u00e9e \u00e0 votre profil peut \u00eatre remplac\u00e9e par une nouvelle.<\/p>\n<\/div><\/div><\/p>\n","protected":false},"excerpt":{"rendered":"<p>Connexion \u00e0 Spinstein La proc\u00e9dure de Spinstein login a \u00e9t\u00e9 sp\u00e9cialement con\u00e7ue pour \u00eatre simple et rapide. Connectez-vous pour consulter les promotions en cours, acc\u00e9der \u00e0 votre profil et utiliser toutes les autres fonctionnalit\u00e9s de notre plateforme. Si vous n&rsquo;\u00eates pas encore inscrit, vous pouvez le faire dans cette fen\u00eatre en utilisant votre adresse e-mail [&hellip;]<\/p>\n","protected":false},"author":1,"featured_media":0,"parent":0,"menu_order":0,"comment_status":"closed","ping_status":"closed","template":"template-builder.php","meta":{"_acf_changed":false,"inline_featured_image":false,"footnotes":""},"class_list":["post-1482","page","type-page","status-publish","hentry"],"acf":[],"yoast_head":"<!-- This site is optimized with the Yoast SEO plugin v27.3 - https:\/\/yoast.com\/product\/yoast-seo-wordpress\/ -->\n<title>Spinstein Connexion \u2013 Inscription et Acc\u00e8s au Compte<\/title>\n<meta name=\"description\" content=\"Spinstein Connexion \u2013 configurez votre profil joueur en quelques secondes ou reconnectez-vous avec l&#039;authentification \u00e0 deux facteurs pour plus de tranquillit\u00e9. Suivez votre historique de jeu, g\u00e9rez vos limites et mettez \u00e0 jour vos m\u00e9thodes de paiement facilement chez Spin Stein.\" \/>\n<meta name=\"robots\" content=\"index, follow, max-snippet:-1, max-image-preview:large, max-video-preview:-1\" \/>\n<link rel=\"canonical\" href=\"https:\/\/spinstein.net\/fr\/connexion-et-inscription\/\" \/>\n<meta property=\"og:locale\" content=\"fr_FR\" \/>\n<meta property=\"og:type\" content=\"article\" \/>\n<meta property=\"og:title\" content=\"Spinstein Connexion \u2013 Inscription et Acc\u00e8s au Compte\" \/>\n<meta property=\"og:description\" content=\"Spinstein Connexion \u2013 configurez votre profil joueur en quelques secondes ou reconnectez-vous avec l&#039;authentification \u00e0 deux facteurs pour plus de tranquillit\u00e9. Suivez votre historique de jeu, g\u00e9rez vos limites et mettez \u00e0 jour vos m\u00e9thodes de paiement facilement chez Spin Stein.\" \/>\n<meta property=\"og:url\" content=\"https:\/\/spinstein.net\/fr\/connexion-et-inscription\/\" \/>\n<meta property=\"og:site_name\" content=\"spinstein\" \/>\n<meta property=\"article:modified_time\" content=\"2026-03-31T09:52:33+00:00\" \/>\n<meta name=\"twitter:card\" content=\"summary_large_image\" \/>\n<meta name=\"twitter:label1\" content=\"Dur\u00e9e de lecture estim\u00e9e\" \/>\n\t<meta name=\"twitter:data1\" content=\"1 minute\" \/>\n<script type=\"application\/ld+json\" class=\"yoast-schema-graph\">{\"@context\":\"https:\\\/\\\/schema.org\",\"@graph\":[{\"@type\":\"WebPage\",\"@id\":\"https:\\\/\\\/spinstein.net\\\/fr\\\/connexion-et-inscription\\\/\",\"url\":\"https:\\\/\\\/spinstein.net\\\/fr\\\/connexion-et-inscription\\\/\",\"name\":\"Spinstein Connexion \u2013 Inscription et Acc\u00e8s au Compte\",\"isPartOf\":{\"@id\":\"https:\\\/\\\/spinstein.net\\\/fr\\\/#website\"},\"datePublished\":\"2026-01-20T12:11:11+00:00\",\"dateModified\":\"2026-03-31T09:52:33+00:00\",\"description\":\"Spinstein Connexion \u2013 configurez votre profil joueur en quelques secondes ou reconnectez-vous avec l'authentification \u00e0 deux facteurs pour plus de tranquillit\u00e9. Suivez votre historique de jeu, g\u00e9rez vos limites et mettez \u00e0 jour vos m\u00e9thodes de paiement facilement chez Spin Stein.\",\"breadcrumb\":{\"@id\":\"https:\\\/\\\/spinstein.net\\\/fr\\\/connexion-et-inscription\\\/#breadcrumb\"},\"inLanguage\":\"fr-FR\",\"potentialAction\":[{\"@type\":\"ReadAction\",\"target\":[\"https:\\\/\\\/spinstein.net\\\/fr\\\/connexion-et-inscription\\\/\"]}]},{\"@type\":\"BreadcrumbList\",\"@id\":\"https:\\\/\\\/spinstein.net\\\/fr\\\/connexion-et-inscription\\\/#breadcrumb\",\"itemListElement\":[{\"@type\":\"ListItem\",\"position\":1,\"name\":\"Spinstein\",\"item\":\"https:\\\/\\\/spinstein.net\\\/fr\\\/\"},{\"@type\":\"ListItem\",\"position\":2,\"name\":\"Connexion et inscription\"}]},{\"@type\":\"WebSite\",\"@id\":\"https:\\\/\\\/spinstein.net\\\/fr\\\/#website\",\"url\":\"https:\\\/\\\/spinstein.net\\\/fr\\\/\",\"name\":\"Spinstein\",\"description\":\"\",\"publisher\":{\"@id\":\"https:\\\/\\\/spinstein.net\\\/fr\\\/#organization\"},\"potentialAction\":[{\"@type\":\"SearchAction\",\"target\":{\"@type\":\"EntryPoint\",\"urlTemplate\":\"https:\\\/\\\/spinstein.net\\\/fr\\\/?s={search_term_string}\"},\"query-input\":{\"@type\":\"PropertyValueSpecification\",\"valueRequired\":true,\"valueName\":\"search_term_string\"}}],\"inLanguage\":\"fr-FR\"},{\"@type\":\"Organization\",\"@id\":\"https:\\\/\\\/spinstein.net\\\/fr\\\/#organization\",\"name\":\"Spinstein\",\"url\":\"https:\\\/\\\/spinstein.net\\\/fr\\\/\",\"logo\":{\"@type\":\"ImageObject\",\"inLanguage\":\"fr-FR\",\"@id\":\"https:\\\/\\\/spinstein.net\\\/fr\\\/#\\\/schema\\\/logo\\\/image\\\/\",\"url\":\"https:\\\/\\\/spinstein.net\\\/wp-content\\\/uploads\\\/2026\\\/03\\\/spinstein-logo.png\",\"contentUrl\":\"https:\\\/\\\/spinstein.net\\\/wp-content\\\/uploads\\\/2026\\\/03\\\/spinstein-logo.png\",\"width\":166,\"height\":40,\"caption\":\"Spinstein\"},\"image\":{\"@id\":\"https:\\\/\\\/spinstein.net\\\/fr\\\/#\\\/schema\\\/logo\\\/image\\\/\"}}]}<\/script>\n<!-- \/ Yoast SEO plugin. -->","yoast_head_json":{"title":"Spinstein Connexion \u2013 Inscription et Acc\u00e8s au Compte","description":"Spinstein Connexion \u2013 configurez votre profil joueur en quelques secondes ou reconnectez-vous avec l'authentification \u00e0 deux facteurs pour plus de tranquillit\u00e9. Suivez votre historique de jeu, g\u00e9rez vos limites et mettez \u00e0 jour vos m\u00e9thodes de paiement facilement chez Spin Stein.","robots":{"index":"index","follow":"follow","max-snippet":"max-snippet:-1","max-image-preview":"max-image-preview:large","max-video-preview":"max-video-preview:-1"},"canonical":"https:\/\/spinstein.net\/fr\/connexion-et-inscription\/","og_locale":"fr_FR","og_type":"article","og_title":"Spinstein Connexion \u2013 Inscription et Acc\u00e8s au Compte","og_description":"Spinstein Connexion \u2013 configurez votre profil joueur en quelques secondes ou reconnectez-vous avec l'authentification \u00e0 deux facteurs pour plus de tranquillit\u00e9. Suivez votre historique de jeu, g\u00e9rez vos limites et mettez \u00e0 jour vos m\u00e9thodes de paiement facilement chez Spin Stein.","og_url":"https:\/\/spinstein.net\/fr\/connexion-et-inscription\/","og_site_name":"spinstein","article_modified_time":"2026-03-31T09:52:33+00:00","twitter_card":"summary_large_image","twitter_misc":{"Dur\u00e9e de lecture estim\u00e9e":"1 minute"},"schema":{"@context":"https:\/\/schema.org","@graph":[{"@type":"WebPage","@id":"https:\/\/spinstein.net\/fr\/connexion-et-inscription\/","url":"https:\/\/spinstein.net\/fr\/connexion-et-inscription\/","name":"Spinstein Connexion \u2013 Inscription et Acc\u00e8s au Compte","isPartOf":{"@id":"https:\/\/spinstein.net\/fr\/#website"},"datePublished":"2026-01-20T12:11:11+00:00","dateModified":"2026-03-31T09:52:33+00:00","description":"Spinstein Connexion \u2013 configurez votre profil joueur en quelques secondes ou reconnectez-vous avec l'authentification \u00e0 deux facteurs pour plus de tranquillit\u00e9. Suivez votre historique de jeu, g\u00e9rez vos limites et mettez \u00e0 jour vos m\u00e9thodes de paiement facilement chez Spin Stein.","breadcrumb":{"@id":"https:\/\/spinstein.net\/fr\/connexion-et-inscription\/#breadcrumb"},"inLanguage":"fr-FR","potentialAction":[{"@type":"ReadAction","target":["https:\/\/spinstein.net\/fr\/connexion-et-inscription\/"]}]},{"@type":"BreadcrumbList","@id":"https:\/\/spinstein.net\/fr\/connexion-et-inscription\/#breadcrumb","itemListElement":[{"@type":"ListItem","position":1,"name":"Spinstein","item":"https:\/\/spinstein.net\/fr\/"},{"@type":"ListItem","position":2,"name":"Connexion et inscription"}]},{"@type":"WebSite","@id":"https:\/\/spinstein.net\/fr\/#website","url":"https:\/\/spinstein.net\/fr\/","name":"Spinstein","description":"","publisher":{"@id":"https:\/\/spinstein.net\/fr\/#organization"},"potentialAction":[{"@type":"SearchAction","target":{"@type":"EntryPoint","urlTemplate":"https:\/\/spinstein.net\/fr\/?s={search_term_string}"},"query-input":{"@type":"PropertyValueSpecification","valueRequired":true,"valueName":"search_term_string"}}],"inLanguage":"fr-FR"},{"@type":"Organization","@id":"https:\/\/spinstein.net\/fr\/#organization","name":"Spinstein","url":"https:\/\/spinstein.net\/fr\/","logo":{"@type":"ImageObject","inLanguage":"fr-FR","@id":"https:\/\/spinstein.net\/fr\/#\/schema\/logo\/image\/","url":"https:\/\/spinstein.net\/wp-content\/uploads\/2026\/03\/spinstein-logo.png","contentUrl":"https:\/\/spinstein.net\/wp-content\/uploads\/2026\/03\/spinstein-logo.png","width":166,"height":40,"caption":"Spinstein"},"image":{"@id":"https:\/\/spinstein.net\/fr\/#\/schema\/logo\/image\/"}}]}},"_links":{"self":[{"href":"https:\/\/spinstein.net\/fr\/wp-json\/wp\/v2\/pages\/1482","targetHints":{"allow":["GET"]}}],"collection":[{"href":"https:\/\/spinstein.net\/fr\/wp-json\/wp\/v2\/pages"}],"about":[{"href":"https:\/\/spinstein.net\/fr\/wp-json\/wp\/v2\/types\/page"}],"author":[{"embeddable":true,"href":"https:\/\/spinstein.net\/fr\/wp-json\/wp\/v2\/users\/1"}],"replies":[{"embeddable":true,"href":"https:\/\/spinstein.net\/fr\/wp-json\/wp\/v2\/comments?post=1482"}],"version-history":[{"count":3,"href":"https:\/\/spinstein.net\/fr\/wp-json\/wp\/v2\/pages\/1482\/revisions"}],"predecessor-version":[{"id":2039,"href":"https:\/\/spinstein.net\/fr\/wp-json\/wp\/v2\/pages\/1482\/revisions\/2039"}],"wp:attachment":[{"href":"https:\/\/spinstein.net\/fr\/wp-json\/wp\/v2\/media?parent=1482"}],"curies":[{"name":"wp","href":"https:\/\/api.w.org\/{rel}","templated":true}]}}