{"id":1440,"date":"2026-01-20T12:08:23","date_gmt":"2026-01-20T12:08:23","guid":{"rendered":"https:\/\/bonuskongcasino.com\/app\/"},"modified":"2026-03-31T10:50:01","modified_gmt":"2026-03-31T09:50:01","slug":"app","status":"publish","type":"page","link":"https:\/\/spinstein.net\/fr\/app\/","title":{"rendered":"App"},"content":{"rendered":"<h1>Application Spinstein : jeux de casino sur mobile<\/h1>\n<p>Spinstein App offre une exp\u00e9rience de jeu am\u00e9lior\u00e9e par rapport \u00e0 la version web. Vous pouvez soit jouer en d\u00e9placement en t\u00e9l\u00e9chargeant le logiciel mobile pour Android et iOS, soit l&rsquo;installer sur votre ordinateur de bureau. Dans notre casino mobile, vous avez acc\u00e8s \u00e0 une biblioth\u00e8que compl\u00e8te de titres, tels que des machines \u00e0 sous en ligne populaires, une section avec des croupiers en direct, et bien d&rsquo;autres encore. Contrairement \u00e0 la version standard, l&rsquo;application fonctionne de mani\u00e8re plus fluide et plus rapide. Les fonctionnalit\u00e9s de l\u2019application Spinstein sont identiques \u00e0 celles de la version standard, sans aucune restriction.<\/p>\n<div class=\"banner-wrap\" aria-label=\"Banner\"><img src=\"https:\/\/spinstein.net\/wp-content\/uploads\/2026\/03\/Spinstein-banner-carousel-800\u0445400.webp\" class=\"w-100 d-none d-lg-block img-pc main-banner-img\" alt=\"spinstein banner desktop\" fetchpriority=\"high\" decoding=\"async\"><img src=\"https:\/\/spinstein.net\/wp-content\/uploads\/2026\/03\/spinstein-banner-mobile.webp\" class=\"w-100 d-none d-md-block d-lg-none main-banner-img\" alt=\"spinstein banner mobile\" fetchpriority=\"high\" decoding=\"async\"><img src=\"https:\/\/spinstein.net\/wp-content\/uploads\/2026\/03\/spinstein-banner-mobile.webp\" class=\"w-100 d-md-none\" alt=\"spinstein banner mobile\" fetchpriority=\"high\" decoding=\"async\"><div class=\"banner-description\">\n<div class=\"banner-title\">Bonus de bienvenue<\/div>\n<p class=\"banner-header-title\">1500 \u20ac<\/p>\n<div class=\"banner-header-AdditionalText\">+ 250 Tours gratuits<\/div>\n<button data-item=\"homepage_banner_link\" class=\"goto m-button m-gradient-border m-button--primary m-button--large banner-button btn-orange\">\n            <div class=\"m-button-content\">\n                <span>Inscrivez-vous d\u00e8s maintenant<\/span>\n                <span><\/span>\n            <\/div>\n        <\/button>\n<\/div>\n<div class=\"WelcomePack\">\n<p><img loading=\"lazy\" decoding=\"async\" class=\"alignnone size-full wp-image-1852\" src=\"https:\/\/spinstein.net\/wp-content\/uploads\/2026\/03\/welcome-crown.png\" alt=\"crown\" width=\"25\" height=\"26\" \/><\/p>\n<div class=\"WelcomePack-Info\">Cashback hebdomadaire jusqu&rsquo;\u00e0 25 %<\/div>\n<p><img loading=\"lazy\" decoding=\"async\" class=\"alignnone size-full wp-image-1852\" src=\"https:\/\/spinstein.net\/wp-content\/uploads\/2026\/03\/welcome-crown.png\" alt=\"crown\" width=\"25\" height=\"26\" \/><\/p>\n<\/div>\n<\/div>\n<h2>Fonctionnalit\u00e9s de l&rsquo;application Spinstein<\/h2>\n<p>Lors du d\u00e9veloppement de notre application Spinstein, notre priorit\u00e9 \u00e9tait de transposer toutes les fonctionnalit\u00e9s de la version web. Nous avons choisi le format PWA car il permet de l&rsquo;installer directement depuis le site web et ne n\u00e9cessite aucune interaction avec des sources tierces. De plus, les PWA occupent moins d&rsquo;espace sur votre appareil et se chargent plus rapidement.<\/p>\n<p>Les joueurs qui utilisent notre logiciel sont imm\u00e9diatement inform\u00e9s de nouveaux \u00e9v\u00e9nements et des promotions gr\u00e2ce \u00e0 des notifications push. Voici les principaux avantages de l&rsquo;application Spinstein par rapport \u00e0 la version pour ordinateur que nous pouvons mettre en avant :<\/p>\n<table>\n<tbody>\n<tr>\n<td>Avantage<\/td>\n<td>Description<\/td>\n<\/tr>\n<tr>\n<td>T\u00e9l\u00e9chargement instantan\u00e9<\/td>\n<td>Aucune ressource tierce, directement depuis le navigateur.<\/td>\n<\/tr>\n<tr>\n<td>Utilisation minimale de l&rsquo;espace de stockage<\/td>\n<td>La technologie PWA permet de gagner de l&rsquo;espace sur votre appareil.<\/td>\n<\/tr>\n<tr>\n<td>Notifications push<\/td>\n<td>Mises \u00e0 jour en temps r\u00e9el sur les promotions et les \u00e9v\u00e9nements<\/td>\n<\/tr>\n<tr>\n<td>Chargement plus rapide<\/td>\n<td>Performances optimis\u00e9es pour un acc\u00e8s en d\u00e9placement<\/td>\n<\/tr>\n<\/tbody>\n<\/table>\n<p><div class=\"scrollable-content-wrap my-5\"><div class=\"scrollable-content-inner\"><h2>Application Spinstein \u2013 APK Android<\/h2>\n<p>Nous ne proposons pas d&rsquo;APK Spinstein d\u00e9di\u00e9 pour Android, car nous donnons la priorit\u00e9 \u00e0 la s\u00e9curit\u00e9 de chaque utilisateur. Contrairement \u00e0 un APK, vous t\u00e9l\u00e9chargez notre logiciel directement depuis notre site, ce qui emp\u00eache les pirates d&rsquo;acc\u00e9der \u00e0 vos donn\u00e9es.<\/p>\n<p>Pour installer Spinstein Casino sur votre appareil Android, il vous suffit de suivre ces \u00e9tapes simples :<\/p>\n<ol>\n<li>Ouvrez votre navigateur et rendez-vous sur notre site officiel.<\/li>\n<li>Une fois notre site web ouvert dans votre navigateur, appuyez sur le menu \u00e0 trois points.<\/li>\n<li>Ensuite, faites d\u00e9filer vers le bas et cliquez sur \u00ab Ajouter \u00e0 l&rsquo;\u00e9cran d&rsquo;accueil \u00bb.<\/li>\n<li>Choisissez un nom pour l&rsquo;application ou laissez-le tel quel, puis appuyez sur \u00ab Ajouter \u00bb dans le coin sup\u00e9rieur droit.<\/li>\n<\/ol>\n<p>Une fois toutes les \u00e9tapes termin\u00e9es, cliquez sur l&rsquo;ic\u00f4ne pour commencer votre aventure au casino. Vous pouvez utiliser la version mobile de la plateforme pour g\u00e9rer votre profil personnel, parcourir le lobby et r\u00e9clamer des bonus, entre autres. Vous pouvez toujours utiliser le chat en direct pour contacter notre \u00e9quipe d&rsquo;assistance si vous rencontrez des difficult\u00e9s avec l&rsquo;une des \u00e9tapes ci-dessus.<\/p>\n<p><img loading=\"lazy\" decoding=\"async\" class=\"alignnone size-full wp-image-1924\" src=\"https:\/\/spinstein.net\/wp-content\/uploads\/2026\/03\/Spinstein-Android-App.webp\" alt=\"Spinstein Android App\" width=\"1248\" height=\"536\" srcset=\"https:\/\/spinstein.net\/wp-content\/uploads\/2026\/03\/Spinstein-Android-App.webp 1248w, https:\/\/spinstein.net\/wp-content\/uploads\/2026\/03\/Spinstein-Android-App-300x129.webp 300w, https:\/\/spinstein.net\/wp-content\/uploads\/2026\/03\/Spinstein-Android-App-1024x440.webp 1024w, https:\/\/spinstein.net\/wp-content\/uploads\/2026\/03\/Spinstein-Android-App-768x330.webp 768w\" sizes=\"auto, (max-width: 1248px) 100vw, 1248px\" \/><\/p>\n<\/div><\/div><div style=\"clear: both\"><\/div><div class=\"d-flex justify-content-center\"><button data-item=\"decouvrez_link\" data-group=\"website_links\" class=\"goto fw-bold rounded-pill btn btn-orange\" aria-label=\"T\u00e9l\u00e9chargez l&#039;application Spinstein\" >T\u00e9l\u00e9chargez l&#039;application Spinstein<\/button><\/div><div class=\"scrollable-content-wrap my-5\"><div class=\"scrollable-content-inner\"><h2>Spinstein App pour iOS<\/h2>\n<p>Vous n&rsquo;avez pas besoin de vous rendre sur l&rsquo;App Store pour acc\u00e9der au logiciel Spinstein Casino sur iOS ; vous devez plut\u00f4t suivre des instructions presque identiques \u00e0 celles pour Android. En bas de l&rsquo;\u00e9cran, appuyez sur le bouton Partager. Une fois le param\u00e8tre confirm\u00e9, l&rsquo;ic\u00f4ne appara\u00eetra sur votre \u00e9cran d&rsquo;accueil. Connectez-vous \u00e0 l&rsquo;application, saisissez vos informations et b\u00e9n\u00e9ficiez d&rsquo;un acc\u00e8s complet \u00e0 toutes les fonctionnalit\u00e9s.<\/p>\n<p><img loading=\"lazy\" decoding=\"async\" class=\"alignnone size-full wp-image-1932\" src=\"https:\/\/spinstein.net\/wp-content\/uploads\/2026\/03\/Spinstein-iOS-App.webp\" alt=\"Spinstein iOS App\" width=\"1248\" height=\"536\" srcset=\"https:\/\/spinstein.net\/wp-content\/uploads\/2026\/03\/Spinstein-iOS-App.webp 1248w, https:\/\/spinstein.net\/wp-content\/uploads\/2026\/03\/Spinstein-iOS-App-300x129.webp 300w, https:\/\/spinstein.net\/wp-content\/uploads\/2026\/03\/Spinstein-iOS-App-1024x440.webp 1024w, https:\/\/spinstein.net\/wp-content\/uploads\/2026\/03\/Spinstein-iOS-App-768x330.webp 768w\" sizes=\"auto, (max-width: 1248px) 100vw, 1248px\" \/><\/p>\n<\/div><\/div><div style=\"clear: both\"><\/div><div class=\"d-flex justify-content-center\"><button data-item=\"decouvrez_link\" data-group=\"website_links\" class=\"goto fw-bold rounded-pill btn btn-orange\" aria-label=\"T\u00e9l\u00e9charger Spinstein\" >T\u00e9l\u00e9charger Spinstein<\/button><\/div><div class=\"scrollable-content-wrap my-5\"><div class=\"scrollable-content-inner\"><h2>S\u00e9curit\u00e9 de la PWA<\/h2>\n<p>La PWA du casino Spinstein a \u00e9t\u00e9 con\u00e7ue en accordant la priorit\u00e9 absolue \u00e0 la s\u00e9curit\u00e9, conform\u00e9ment aux normes de protection de notre plateforme de bureau. La PWA \u00e9limine les risques associ\u00e9s aux fichiers APK non v\u00e9rifi\u00e9s ; toutes les transmissions de donn\u00e9es au sein du programme utilisent le cryptage TLS 1.3 et les protocoles HTTPS, garantissant ainsi la protection des informations financi\u00e8res et personnelles pendant le jeu. L&rsquo;application ne n\u00e9cessite aucune autorisation suppl\u00e9mentaire au-del\u00e0 de l&rsquo;acc\u00e8s standard au navigateur, ce qui emp\u00eache toute collecte de donn\u00e9es non autoris\u00e9e. Les mises \u00e0 jour automatiques fournissent instantan\u00e9ment des correctifs de s\u00e9curit\u00e9 sans intervention de l&rsquo;utilisateur.<\/p>\n<p><img loading=\"lazy\" decoding=\"async\" class=\"alignnone size-full wp-image-1940\" src=\"https:\/\/spinstein.net\/wp-content\/uploads\/2026\/03\/Spinstein-Desktop.webp\" alt=\"Spinstein Desktop\" width=\"1248\" height=\"536\" srcset=\"https:\/\/spinstein.net\/wp-content\/uploads\/2026\/03\/Spinstein-Desktop.webp 1248w, https:\/\/spinstein.net\/wp-content\/uploads\/2026\/03\/Spinstein-Desktop-300x129.webp 300w, https:\/\/spinstein.net\/wp-content\/uploads\/2026\/03\/Spinstein-Desktop-1024x440.webp 1024w, https:\/\/spinstein.net\/wp-content\/uploads\/2026\/03\/Spinstein-Desktop-768x330.webp 768w\" sizes=\"auto, (max-width: 1248px) 100vw, 1248px\" \/><\/p>\n<\/div><\/div><div style=\"clear: both\"><\/div><div class=\"d-flex justify-content-center\"><button data-item=\"decouvrez_link\" data-group=\"website_links\" class=\"goto fw-bold rounded-pill btn btn-orange\" aria-label=\"T\u00e9l\u00e9chargez l&#039;application Spinstein\" >T\u00e9l\u00e9chargez l&#039;application Spinstein<\/button><\/div><div class=\"scrollable-content-wrap my-5\"><div class=\"scrollable-content-inner\"><h2>Pourquoi jouer sur mobile<\/h2>\n<p>Jouer sur une plateforme mobile est un excellent moyen d&rsquo;ajouter de la vari\u00e9t\u00e9 \u00e0 votre exp\u00e9rience de jeu. Avec l&rsquo;application Spinstein, vous pouvez jouer o\u00f9 que vous soyez sans sacrifier la commodit\u00e9 de la version web. Les notifications push vous fournissent des informations en temps r\u00e9el sur les mises \u00e0 jour des tournois et les offres sp\u00e9ciales.<\/p>\n<p>Les m\u00eames proc\u00e9dures de s\u00e9curit\u00e9 et toutes les fonctionnalit\u00e9s du compte disponibles sur les appareils de bureau sont enti\u00e8rement transf\u00e9r\u00e9es sur les mobiles, et les commandes optimis\u00e9es pour le tactile facilitent la navigation. Contrairement aux applications disponibles sur les boutiques d&rsquo;applications, les PWA de Spinstein Casino se mettent \u00e0 jour automatiquement sans aucune intervention de l&rsquo;utilisateur.<\/p>\n<h2>FAQ<\/h2>\n<h3>L&rsquo;application Spinstein prend-elle en charge les m\u00eames m\u00e9thodes de paiement que le site web ?<\/h3>\n<p>Oui, l&rsquo;application Spinstein Casino propose toutes les m\u00eames options de paiement que sa version pour ordinateur. Avec les m\u00eames vitesses de traitement et les m\u00eames restrictions sur toutes les plateformes, les joueurs peuvent effectuer des d\u00e9p\u00f4ts et des retraits en utilisant n&rsquo;importe quel moyen de paiement qui leur convient.<\/p>\n<h3>L&rsquo;application va-t-elle vider rapidement la batterie de mon t\u00e9l\u00e9phone ?<\/h3>\n<p>Non, compar\u00e9e aux logiciels natifs ou aux sessions de navigation prolong\u00e9es, l&rsquo;application PWA de Spinstein Casino consomme beaucoup moins de batterie car elle est optimis\u00e9e pour l&rsquo;efficacit\u00e9 \u00e9nerg\u00e9tique. Notre application PWA ne fonctionne que lorsqu&rsquo;elle est active, ce qui permet d&rsquo;\u00e9conomiser la batterie pour des sessions de jeu plus longues lors de vos d\u00e9placements, contrairement aux programmes conventionnels qui ex\u00e9cutent de nombreux processus en arri\u00e8re-plan.<\/p>\n<h3>Puis-je utiliser mon compte existant dans l&rsquo;application ?<\/h3>\n<p>Oui, les versions fixe et mobile de votre compte Spinstein Casino actuel fonctionnent parfaitement. Toutes vos informations de compte, soldes, historique des transactions et statut de fid\u00e9lit\u00e9 seront facilement accessibles sur l&rsquo;application si vous vous connectez avec la m\u00eame adresse e-mail et le m\u00eame mot de passe que ceux utilis\u00e9s lors de votre inscription. L&rsquo;acc\u00e8s mobile ne n\u00e9cessite pas la cr\u00e9ation d&rsquo;un deuxi\u00e8me compte.<\/p>\n<h3>Tous les jeux de casino sont-ils disponibles sur mobile ?<\/h3>\n<p>Oui, tous les titres de Spin Stein Casino peuvent \u00eatre jou\u00e9s sur les t\u00e9l\u00e9phones et les tablettes. Gr\u00e2ce \u00e0 l&rsquo;application PWA, les joueurs peuvent acc\u00e9der sans aucune limite aux machines \u00e0 sous, aux jeux de table et aux casinos en direct. La version mobile fonctionne et offre les m\u00eames fonctionnalit\u00e9s dans toutes les cat\u00e9gories.<\/p>\n<\/div><\/div><\/p>\n","protected":false},"excerpt":{"rendered":"<p>Application Spinstein : jeux de casino sur mobile Spinstein App offre une exp\u00e9rience de jeu am\u00e9lior\u00e9e par rapport \u00e0 la version web. Vous pouvez soit jouer en d\u00e9placement en t\u00e9l\u00e9chargeant le logiciel mobile pour Android et iOS, soit l&rsquo;installer sur votre ordinateur de bureau. Dans notre casino mobile, vous avez acc\u00e8s \u00e0 une biblioth\u00e8que compl\u00e8te [&hellip;]<\/p>\n","protected":false},"author":1,"featured_media":0,"parent":0,"menu_order":0,"comment_status":"closed","ping_status":"closed","template":"template-builder.php","meta":{"_acf_changed":false,"inline_featured_image":false,"footnotes":""},"class_list":["post-1440","page","type-page","status-publish","hentry"],"acf":[],"yoast_head":"<!-- This site is optimized with the Yoast SEO plugin v27.3 - https:\/\/yoast.com\/product\/yoast-seo-wordpress\/ -->\n<title>Spinstein Casino App | Application Officielle pour Android &amp; iOS<\/title>\n<meta name=\"description\" content=\"Spinstein Casino App \u2013 t\u00e9l\u00e9chargez l&#039;application officielle pour Android et iOS et emportez des milliers de jeux dans votre poche. Profitez des notifications push pour les nouveaux bonus, connexion par empreinte digitale et d\u00e9p\u00f4ts instantan\u00e9s avec Spin Stein.\" \/>\n<meta name=\"robots\" content=\"index, follow, max-snippet:-1, max-image-preview:large, max-video-preview:-1\" \/>\n<link rel=\"canonical\" href=\"https:\/\/spinstein.net\/fr\/app\/\" \/>\n<meta property=\"og:locale\" content=\"fr_FR\" \/>\n<meta property=\"og:type\" content=\"article\" \/>\n<meta property=\"og:title\" content=\"Spinstein Casino App | Application Officielle pour Android &amp; iOS\" \/>\n<meta property=\"og:description\" content=\"Spinstein Casino App \u2013 t\u00e9l\u00e9chargez l&#039;application officielle pour Android et iOS et emportez des milliers de jeux dans votre poche. Profitez des notifications push pour les nouveaux bonus, connexion par empreinte digitale et d\u00e9p\u00f4ts instantan\u00e9s avec Spin Stein.\" \/>\n<meta property=\"og:url\" content=\"https:\/\/spinstein.net\/fr\/app\/\" \/>\n<meta property=\"og:site_name\" content=\"spinstein\" \/>\n<meta property=\"article:modified_time\" content=\"2026-03-31T09:50:01+00:00\" \/>\n<meta name=\"twitter:card\" content=\"summary_large_image\" \/>\n<meta name=\"twitter:label1\" content=\"Dur\u00e9e de lecture estim\u00e9e\" \/>\n\t<meta name=\"twitter:data1\" content=\"2 minutes\" \/>\n<script type=\"application\/ld+json\" class=\"yoast-schema-graph\">{\"@context\":\"https:\\\/\\\/schema.org\",\"@graph\":[{\"@type\":\"WebPage\",\"@id\":\"https:\\\/\\\/spinstein.net\\\/fr\\\/app\\\/\",\"url\":\"https:\\\/\\\/spinstein.net\\\/fr\\\/app\\\/\",\"name\":\"Spinstein Casino App | Application Officielle pour Android & iOS\",\"isPartOf\":{\"@id\":\"https:\\\/\\\/spinstein.net\\\/fr\\\/#website\"},\"datePublished\":\"2026-01-20T12:08:23+00:00\",\"dateModified\":\"2026-03-31T09:50:01+00:00\",\"description\":\"Spinstein Casino App \u2013 t\u00e9l\u00e9chargez l'application officielle pour Android et iOS et emportez des milliers de jeux dans votre poche. Profitez des notifications push pour les nouveaux bonus, connexion par empreinte digitale et d\u00e9p\u00f4ts instantan\u00e9s avec Spin Stein.\",\"breadcrumb\":{\"@id\":\"https:\\\/\\\/spinstein.net\\\/fr\\\/app\\\/#breadcrumb\"},\"inLanguage\":\"fr-FR\",\"potentialAction\":[{\"@type\":\"ReadAction\",\"target\":[\"https:\\\/\\\/spinstein.net\\\/fr\\\/app\\\/\"]}]},{\"@type\":\"BreadcrumbList\",\"@id\":\"https:\\\/\\\/spinstein.net\\\/fr\\\/app\\\/#breadcrumb\",\"itemListElement\":[{\"@type\":\"ListItem\",\"position\":1,\"name\":\"Spinstein\",\"item\":\"https:\\\/\\\/spinstein.net\\\/fr\\\/\"},{\"@type\":\"ListItem\",\"position\":2,\"name\":\"App\"}]},{\"@type\":\"WebSite\",\"@id\":\"https:\\\/\\\/spinstein.net\\\/fr\\\/#website\",\"url\":\"https:\\\/\\\/spinstein.net\\\/fr\\\/\",\"name\":\"Spinstein\",\"description\":\"\",\"publisher\":{\"@id\":\"https:\\\/\\\/spinstein.net\\\/fr\\\/#organization\"},\"potentialAction\":[{\"@type\":\"SearchAction\",\"target\":{\"@type\":\"EntryPoint\",\"urlTemplate\":\"https:\\\/\\\/spinstein.net\\\/fr\\\/?s={search_term_string}\"},\"query-input\":{\"@type\":\"PropertyValueSpecification\",\"valueRequired\":true,\"valueName\":\"search_term_string\"}}],\"inLanguage\":\"fr-FR\"},{\"@type\":\"Organization\",\"@id\":\"https:\\\/\\\/spinstein.net\\\/fr\\\/#organization\",\"name\":\"Spinstein\",\"url\":\"https:\\\/\\\/spinstein.net\\\/fr\\\/\",\"logo\":{\"@type\":\"ImageObject\",\"inLanguage\":\"fr-FR\",\"@id\":\"https:\\\/\\\/spinstein.net\\\/fr\\\/#\\\/schema\\\/logo\\\/image\\\/\",\"url\":\"https:\\\/\\\/spinstein.net\\\/wp-content\\\/uploads\\\/2026\\\/03\\\/spinstein-logo.png\",\"contentUrl\":\"https:\\\/\\\/spinstein.net\\\/wp-content\\\/uploads\\\/2026\\\/03\\\/spinstein-logo.png\",\"width\":166,\"height\":40,\"caption\":\"Spinstein\"},\"image\":{\"@id\":\"https:\\\/\\\/spinstein.net\\\/fr\\\/#\\\/schema\\\/logo\\\/image\\\/\"}}]}<\/script>\n<!-- \/ Yoast SEO plugin. -->","yoast_head_json":{"title":"Spinstein Casino App | Application Officielle pour Android & iOS","description":"Spinstein Casino App \u2013 t\u00e9l\u00e9chargez l'application officielle pour Android et iOS et emportez des milliers de jeux dans votre poche. Profitez des notifications push pour les nouveaux bonus, connexion par empreinte digitale et d\u00e9p\u00f4ts instantan\u00e9s avec Spin Stein.","robots":{"index":"index","follow":"follow","max-snippet":"max-snippet:-1","max-image-preview":"max-image-preview:large","max-video-preview":"max-video-preview:-1"},"canonical":"https:\/\/spinstein.net\/fr\/app\/","og_locale":"fr_FR","og_type":"article","og_title":"Spinstein Casino App | Application Officielle pour Android & iOS","og_description":"Spinstein Casino App \u2013 t\u00e9l\u00e9chargez l'application officielle pour Android et iOS et emportez des milliers de jeux dans votre poche. Profitez des notifications push pour les nouveaux bonus, connexion par empreinte digitale et d\u00e9p\u00f4ts instantan\u00e9s avec Spin Stein.","og_url":"https:\/\/spinstein.net\/fr\/app\/","og_site_name":"spinstein","article_modified_time":"2026-03-31T09:50:01+00:00","twitter_card":"summary_large_image","twitter_misc":{"Dur\u00e9e de lecture estim\u00e9e":"2 minutes"},"schema":{"@context":"https:\/\/schema.org","@graph":[{"@type":"WebPage","@id":"https:\/\/spinstein.net\/fr\/app\/","url":"https:\/\/spinstein.net\/fr\/app\/","name":"Spinstein Casino App | Application Officielle pour Android & iOS","isPartOf":{"@id":"https:\/\/spinstein.net\/fr\/#website"},"datePublished":"2026-01-20T12:08:23+00:00","dateModified":"2026-03-31T09:50:01+00:00","description":"Spinstein Casino App \u2013 t\u00e9l\u00e9chargez l'application officielle pour Android et iOS et emportez des milliers de jeux dans votre poche. Profitez des notifications push pour les nouveaux bonus, connexion par empreinte digitale et d\u00e9p\u00f4ts instantan\u00e9s avec Spin Stein.","breadcrumb":{"@id":"https:\/\/spinstein.net\/fr\/app\/#breadcrumb"},"inLanguage":"fr-FR","potentialAction":[{"@type":"ReadAction","target":["https:\/\/spinstein.net\/fr\/app\/"]}]},{"@type":"BreadcrumbList","@id":"https:\/\/spinstein.net\/fr\/app\/#breadcrumb","itemListElement":[{"@type":"ListItem","position":1,"name":"Spinstein","item":"https:\/\/spinstein.net\/fr\/"},{"@type":"ListItem","position":2,"name":"App"}]},{"@type":"WebSite","@id":"https:\/\/spinstein.net\/fr\/#website","url":"https:\/\/spinstein.net\/fr\/","name":"Spinstein","description":"","publisher":{"@id":"https:\/\/spinstein.net\/fr\/#organization"},"potentialAction":[{"@type":"SearchAction","target":{"@type":"EntryPoint","urlTemplate":"https:\/\/spinstein.net\/fr\/?s={search_term_string}"},"query-input":{"@type":"PropertyValueSpecification","valueRequired":true,"valueName":"search_term_string"}}],"inLanguage":"fr-FR"},{"@type":"Organization","@id":"https:\/\/spinstein.net\/fr\/#organization","name":"Spinstein","url":"https:\/\/spinstein.net\/fr\/","logo":{"@type":"ImageObject","inLanguage":"fr-FR","@id":"https:\/\/spinstein.net\/fr\/#\/schema\/logo\/image\/","url":"https:\/\/spinstein.net\/wp-content\/uploads\/2026\/03\/spinstein-logo.png","contentUrl":"https:\/\/spinstein.net\/wp-content\/uploads\/2026\/03\/spinstein-logo.png","width":166,"height":40,"caption":"Spinstein"},"image":{"@id":"https:\/\/spinstein.net\/fr\/#\/schema\/logo\/image\/"}}]}},"_links":{"self":[{"href":"https:\/\/spinstein.net\/fr\/wp-json\/wp\/v2\/pages\/1440","targetHints":{"allow":["GET"]}}],"collection":[{"href":"https:\/\/spinstein.net\/fr\/wp-json\/wp\/v2\/pages"}],"about":[{"href":"https:\/\/spinstein.net\/fr\/wp-json\/wp\/v2\/types\/page"}],"author":[{"embeddable":true,"href":"https:\/\/spinstein.net\/fr\/wp-json\/wp\/v2\/users\/1"}],"replies":[{"embeddable":true,"href":"https:\/\/spinstein.net\/fr\/wp-json\/wp\/v2\/comments?post=1440"}],"version-history":[{"count":3,"href":"https:\/\/spinstein.net\/fr\/wp-json\/wp\/v2\/pages\/1440\/revisions"}],"predecessor-version":[{"id":2037,"href":"https:\/\/spinstein.net\/fr\/wp-json\/wp\/v2\/pages\/1440\/revisions\/2037"}],"wp:attachment":[{"href":"https:\/\/spinstein.net\/fr\/wp-json\/wp\/v2\/media?parent=1440"}],"curies":[{"name":"wp","href":"https:\/\/api.w.org\/{rel}","templated":true}]}}