{"id":1449,"date":"2026-01-20T12:08:23","date_gmt":"2026-01-20T12:08:23","guid":{"rendered":"https:\/\/bonuskongcasino.com\/app-2\/"},"modified":"2026-03-31T14:17:25","modified_gmt":"2026-03-31T13:17:25","slug":"aplicacion","status":"publish","type":"page","link":"https:\/\/spinstein.net\/es\/aplicacion\/","title":{"rendered":"Aplicaci\u00f3n"},"content":{"rendered":"<h1>Aplicaci\u00f3n de Spinstein: juegos de casino para m\u00f3vil<\/h1>\n<p>La Spinstein App ofrece una experiencia de juego mejorada en comparaci\u00f3n con la versi\u00f3n web. Todos los usuarios espa\u00f1oles pueden jugar desde cualquier lugar, descargando la aplicaci\u00f3n m\u00f3vil para Android e iOS, o bien instal\u00e1ndola en su ordenador. En nuestro casino m\u00f3vil, tendr\u00e1s acceso a una completa biblioteca de juegos, como las populares tragaperras online, una secci\u00f3n con crupieres en vivo y mucho m\u00e1s. A diferencia de la versi\u00f3n est\u00e1ndar, la aplicaci\u00f3n funciona con mayor fluidez y rapidez. Las funciones de la app Spinstein son id\u00e9nticas a las de la versi\u00f3n est\u00e1ndar, sin restricciones.<\/p>\n<div class=\"banner-wrap\" aria-label=\"Banner\"><img src=\"https:\/\/spinstein.net\/wp-content\/uploads\/2026\/03\/Spinstein-banner-carousel-800\u0445400.webp\" class=\"w-100 d-none d-lg-block img-pc main-banner-img\" alt=\"spinstein banner desktop\" fetchpriority=\"high\" decoding=\"async\"><img src=\"https:\/\/spinstein.net\/wp-content\/uploads\/2026\/03\/spinstein-banner-mobile.webp\" class=\"w-100 d-none d-md-block d-lg-none main-banner-img\" alt=\"spinstein banner mobile\" fetchpriority=\"high\" decoding=\"async\"><img src=\"https:\/\/spinstein.net\/wp-content\/uploads\/2026\/03\/spinstein-banner-mobile.webp\" class=\"w-100 d-md-none\" alt=\"spinstein banner mobile\" fetchpriority=\"high\" decoding=\"async\"><div class=\"banner-description\">\n<div class=\"banner-title\">Bonos de bienvenida<\/div>\n<p class=\"banner-header-title\">1500 \u20ac<\/p>\n<div class=\"banner-header-AdditionalText\">+ 250 Tiradas gratis<\/div>\n<button data-item=\"homepage_banner_link\" class=\"goto m-button m-gradient-border m-button--primary m-button--large banner-button btn-orange\">\n            <div class=\"m-button-content\">\n                <span>Reg\u00edstrate ahora<\/span>\n                <span><\/span>\n            <\/div>\n        <\/button>\n<\/div>\n<div class=\"WelcomePack\">\n<p><img loading=\"lazy\" decoding=\"async\" class=\"alignnone size-full wp-image-1857\" src=\"https:\/\/spinstein.net\/wp-content\/uploads\/2026\/03\/welcome-crown.png\" alt=\"crown\" width=\"25\" height=\"26\" \/><\/p>\n<div class=\"WelcomePack-Info\">Reembolso semanal de hasta el 25 %<\/div>\n<p><img loading=\"lazy\" decoding=\"async\" class=\"alignnone size-full wp-image-1857\" src=\"https:\/\/spinstein.net\/wp-content\/uploads\/2026\/03\/welcome-crown.png\" alt=\"crown\" width=\"25\" height=\"26\" \/><\/p>\n<\/div>\n<\/div>\n<h2>Caracter\u00edsticas de la aplicaci\u00f3n Spinstein<\/h2>\n<p>Cuando desarrollamos nuestra aplicaci\u00f3n Spinstein, nuestro objetivo principal fue trasladar todas las funciones de la versi\u00f3n web. Elegimos el formato PWA porque se puede instalar directamente desde el sitio web y no requiere interacci\u00f3n con fuentes de terceros. Adem\u00e1s, las PWA ocupan menos espacio en tu dispositivo y se cargan m\u00e1s r\u00e1pido.<\/p>\n<p>Los jugadores que utilizan nuestro software reciben informaci\u00f3n inmediata sobre nuevos eventos y promociones a trav\u00e9s de notificaciones push. Estas son las principales ventajas de la aplicaci\u00f3n Spinstein frente a la versi\u00f3n de escritorio que podemos destacar:<\/p>\n<table>\n<tbody>\n<tr>\n<td>Ventaja<\/td>\n<td>Descripci\u00f3n<\/td>\n<\/tr>\n<tr>\n<td>Descarga instant\u00e1nea<\/td>\n<td>Sin recursos de terceros, directamente desde el navegador.<\/td>\n<\/tr>\n<tr>\n<td>M\u00ednimo uso de almacenamiento<\/td>\n<td>La tecnolog\u00eda PWA ahorra espacio en tu dispositivo.<\/td>\n<\/tr>\n<tr>\n<td>Notificaciones push<\/td>\n<td>Actualizaciones en tiempo real sobre promociones y eventos<\/td>\n<\/tr>\n<tr>\n<td>Carga m\u00e1s r\u00e1pida<\/td>\n<td>Rendimiento optimizado para acceder desde cualquier lugar<\/td>\n<\/tr>\n<\/tbody>\n<\/table>\n<p><div class=\"scrollable-content-wrap my-5\"><div class=\"scrollable-content-inner\"><h2>Aplicaci\u00f3n Spinstein \u2013 APK para Android<\/h2>\n<p>No ofrecemos un APK espec\u00edfico de Spinstein para Android, ya que priorizamos la seguridad de todos los usuarios. A diferencia de lo que ocurre con un APK, descargas nuestro software directamente desde nuestro sitio web, lo que impide que los hackers accedan a tus datos.<\/p>\n<p>Para descargar Spinstein Casino en tu dispositivo Android, solo tienes que seguir estos sencillos pasos:<\/p>\n<ol>\n<li>Abre el navegador y ve a nuestra p\u00e1gina web oficial.<\/li>\n<li>Una vez que hayas abierto nuestra p\u00e1gina web en tu navegador, pulsa el men\u00fa de los tres puntos.<\/li>\n<li>A continuaci\u00f3n, despl\u00e1zate hacia abajo y haz clic en \u00abA\u00f1adir a la pantalla de inicio\u00bb.<\/li>\n<li>Elige un nombre para la aplicaci\u00f3n o d\u00e9jalo tal cual, y luego pulsa \u00abA\u00f1adir\u00bb en la esquina superior derecha.<\/li>\n<\/ol>\n<p>Una vez que hayas completado todos los pasos, haz clic en el icono para comenzar tu aventura en el casino. Puedes utilizar la versi\u00f3n m\u00f3vil de la plataforma para gestionar tu perfil personal, navegar por el lobby y reclamar bonos, entre muchas otras cosas. Siempre puedes utilizar el chat en vivo para ponerte en contacto con nuestro equipo de atenci\u00f3n al cliente si tienes alg\u00fan problema con cualquiera de los pasos anteriores.<\/p>\n<p><img loading=\"lazy\" decoding=\"async\" class=\"alignnone size-full wp-image-1929\" src=\"https:\/\/spinstein.net\/wp-content\/uploads\/2026\/03\/Spinstein-Android-App.webp\" alt=\"Spinstein Android App\" width=\"1248\" height=\"536\" srcset=\"https:\/\/spinstein.net\/wp-content\/uploads\/2026\/03\/Spinstein-Android-App.webp 1248w, https:\/\/spinstein.net\/wp-content\/uploads\/2026\/03\/Spinstein-Android-App-300x129.webp 300w, https:\/\/spinstein.net\/wp-content\/uploads\/2026\/03\/Spinstein-Android-App-1024x440.webp 1024w, https:\/\/spinstein.net\/wp-content\/uploads\/2026\/03\/Spinstein-Android-App-768x330.webp 768w\" sizes=\"auto, (max-width: 1248px) 100vw, 1248px\" \/><\/p>\n<\/div><\/div><div style=\"clear: both\"><\/div><div class=\"d-flex justify-content-center\"><button data-item=\"decouvrez_link\" data-group=\"website_links\" class=\"goto fw-bold rounded-pill btn btn-orange\" aria-label=\"Descarga la aplicaci\u00f3n Spinstein\" >Descarga la aplicaci\u00f3n Spinstein<\/button><\/div><div class=\"scrollable-content-wrap my-5\"><div class=\"scrollable-content-inner\"><h2>Spinstein App para iOS<\/h2>\n<p>No es necesario que visites la App Store para acceder al software de Spinstein Casino en iOS; en su lugar, debes seguir pr\u00e1cticamente las mismas instrucciones que para Android. En la parte inferior de la pantalla, pulsa el bot\u00f3n \u00abCompartir\u00bb. Una vez confirmada la configuraci\u00f3n, el icono aparecer\u00e1 en tu pantalla de inicio. Inicia sesi\u00f3n en la aplicaci\u00f3n, introduce tus datos y obt\u00e9n acceso completo a todas las funciones.<\/p>\n<p><img loading=\"lazy\" decoding=\"async\" class=\"alignnone size-full wp-image-1937\" src=\"https:\/\/spinstein.net\/wp-content\/uploads\/2026\/03\/Spinstein-iOS-App.webp\" alt=\"Spinstein iOS App\" width=\"1248\" height=\"536\" srcset=\"https:\/\/spinstein.net\/wp-content\/uploads\/2026\/03\/Spinstein-iOS-App.webp 1248w, https:\/\/spinstein.net\/wp-content\/uploads\/2026\/03\/Spinstein-iOS-App-300x129.webp 300w, https:\/\/spinstein.net\/wp-content\/uploads\/2026\/03\/Spinstein-iOS-App-1024x440.webp 1024w, https:\/\/spinstein.net\/wp-content\/uploads\/2026\/03\/Spinstein-iOS-App-768x330.webp 768w\" sizes=\"auto, (max-width: 1248px) 100vw, 1248px\" \/><\/p>\n<\/div><\/div><div style=\"clear: both\"><\/div><div class=\"d-flex justify-content-center\"><button data-item=\"decouvrez_link\" data-group=\"website_links\" class=\"goto fw-bold rounded-pill btn btn-orange\" aria-label=\"Descargar Spinstein\" >Descargar Spinstein<\/button><\/div><div class=\"scrollable-content-wrap my-5\"><div class=\"scrollable-content-inner\"><h2>Seguridad de la PWA<\/h2>\n<p>La PWA de Spin Stein Casino se cre\u00f3 dando prioridad a la seguridad, cumpliendo con los est\u00e1ndares de protecci\u00f3n de nuestra plataforma de escritorio. La PWA elimina los riesgos asociados a los archivos APK no verificados; todas las transmisiones de datos dentro del programa utilizan cifrado TLS 1.3 y protocolos HTTPS, lo que garantiza que la informaci\u00f3n financiera y personal est\u00e9 protegida durante el juego. La aplicaci\u00f3n no requiere permisos adicionales m\u00e1s all\u00e1 del acceso est\u00e1ndar del navegador, lo que evita la recopilaci\u00f3n no autorizada de datos. Las actualizaciones autom\u00e1ticas proporcionan parches de seguridad al instante sin intervenci\u00f3n del usuario.<\/p>\n<p><img loading=\"lazy\" decoding=\"async\" class=\"alignnone size-full wp-image-1945\" src=\"https:\/\/spinstein.net\/wp-content\/uploads\/2026\/03\/Spinstein-Desktop.webp\" alt=\"Spinstein Desktop\" width=\"1248\" height=\"536\" srcset=\"https:\/\/spinstein.net\/wp-content\/uploads\/2026\/03\/Spinstein-Desktop.webp 1248w, https:\/\/spinstein.net\/wp-content\/uploads\/2026\/03\/Spinstein-Desktop-300x129.webp 300w, https:\/\/spinstein.net\/wp-content\/uploads\/2026\/03\/Spinstein-Desktop-1024x440.webp 1024w, https:\/\/spinstein.net\/wp-content\/uploads\/2026\/03\/Spinstein-Desktop-768x330.webp 768w\" sizes=\"auto, (max-width: 1248px) 100vw, 1248px\" \/><\/p>\n<\/div><\/div><div style=\"clear: both\"><\/div><div class=\"d-flex justify-content-center\"><button data-item=\"decouvrez_link\" data-group=\"website_links\" class=\"goto fw-bold rounded-pill btn btn-orange\" aria-label=\"Descarga la aplicaci\u00f3n Spinstein\" >Descarga la aplicaci\u00f3n Spinstein<\/button><\/div><div class=\"scrollable-content-wrap my-5\"><div class=\"scrollable-content-inner\"><h2>Por qu\u00e9 jugar en el m\u00f3vil<\/h2>\n<p>Jugar en una plataforma m\u00f3vil es una forma estupenda de a\u00f1adir variedad a tu experiencia de juego. Con la aplicaci\u00f3n de Spinstein, puedes jugar sobre la marcha sin sacrificar ninguna de las comodidades de la versi\u00f3n web. Las notificaciones push te proporcionan informaci\u00f3n en tiempo real sobre actualizaciones de torneos y ofertas especiales.<\/p>\n<p>Los mismos procedimientos de seguridad y todas las funciones de la cuenta de los dispositivos de escritorio se transfieren \u00edntegramente a los m\u00f3viles, y los controles optimizados para pantallas t\u00e1ctiles facilitan la navegaci\u00f3n. A diferencia de las aplicaciones de las tiendas de aplicaciones, las PWA de Spinstein Casino se actualizan autom\u00e1ticamente sin que el usuario tenga que hacer nada.<\/p>\n<h2>Preguntas frecuentes<\/h2>\n<h3>\u00bfLa aplicaci\u00f3n de Spinstein admite los mismos m\u00e9todos de pago que el sitio web?<\/h3>\n<p>S\u00ed, la aplicaci\u00f3n de Spinstein Casino ofrece las mismas opciones de pago que su versi\u00f3n de escritorio. Con las mismas velocidades de procesamiento y restricciones en todas las plataformas, los jugadores pueden realizar dep\u00f3sitos y retiradas utilizando cualquier m\u00e9todo de pago que les resulte c\u00f3modo.<\/p>\n<h3>\u00bfLa aplicaci\u00f3n agotar\u00e1 r\u00e1pidamente la bater\u00eda de mi tel\u00e9fono?<\/h3>\n<p>No, en comparaci\u00f3n con el software nativo o las sesiones de navegaci\u00f3n prolongadas, la PWA de Spinstein Casino consume mucha menos bater\u00eda porque est\u00e1 optimizada para la eficiencia energ\u00e9tica. Nuestra PWA solo se ejecuta cuando est\u00e1 activa, lo que ahorra bater\u00eda para sesiones de juego m\u00e1s largas mientras est\u00e1s de viaje, a diferencia de los programas convencionales que ejecutan numerosos procesos en segundo plano.<\/p>\n<h3>\u00bfPuedo usar mi cuenta actual en la aplicaci\u00f3n?<\/h3>\n<p>S\u00ed, tanto la versi\u00f3n para ordenador como la versi\u00f3n m\u00f3vil de tu cuenta actual de Spinstein Casino funcionan a la perfecci\u00f3n. Podr\u00e1s acceder f\u00e1cilmente a toda la informaci\u00f3n de tu cuenta, saldos, historial de transacciones y estado de fidelidad en la aplicaci\u00f3n si inicias sesi\u00f3n con la misma direcci\u00f3n de correo electr\u00f3nico y contrase\u00f1a que utilizaste para registrarte. El acceso m\u00f3vil no requiere crear una segunda cuenta.<\/p>\n<h3>\u00bfEst\u00e1n todos los juegos de casino disponibles en el m\u00f3vil?<\/h3>\n<p>S\u00ed, todos los t\u00edtulos de Spinstein Casino se pueden jugar en tel\u00e9fonos y tabletas. A trav\u00e9s de la PWA, los jugadores pueden acceder a tragamonedas, juegos de mesa y casinos en vivo sin l\u00edmites. La versi\u00f3n m\u00f3vil funciona y tiene las mismas caracter\u00edsticas en todas las categor\u00edas.<\/p>\n<\/div><\/div><\/p>\n","protected":false},"excerpt":{"rendered":"<p>Aplicaci\u00f3n de Spinstein: juegos de casino para m\u00f3vil La Spinstein App ofrece una experiencia de juego mejorada en comparaci\u00f3n con la versi\u00f3n web. Todos los usuarios espa\u00f1oles pueden jugar desde cualquier lugar, descargando la aplicaci\u00f3n m\u00f3vil para Android e iOS, o bien instal\u00e1ndola en su ordenador. En nuestro casino m\u00f3vil, tendr\u00e1s acceso a una completa [&hellip;]<\/p>\n","protected":false},"author":1,"featured_media":0,"parent":0,"menu_order":0,"comment_status":"closed","ping_status":"closed","template":"template-builder.php","meta":{"_acf_changed":false,"inline_featured_image":false,"footnotes":""},"class_list":["post-1449","page","type-page","status-publish","hentry"],"acf":[],"yoast_head":"<!-- This site is optimized with the Yoast SEO plugin v27.3 - https:\/\/yoast.com\/product\/yoast-seo-wordpress\/ -->\n<title>Spinstein Casino App | App Oficial para Android &amp; iOS<\/title>\n<meta name=\"description\" content=\"Spinstein Casino App \u2013 descarga la aplicaci\u00f3n oficial para Android e iOS y lleva miles de juegos en tu bolsillo. Disfruta de notificaciones push para nuevos bonos, inicio de sesi\u00f3n con huella digital y dep\u00f3sitos instant\u00e1neos con Spin Stein.\" \/>\n<meta name=\"robots\" content=\"index, follow, max-snippet:-1, max-image-preview:large, max-video-preview:-1\" \/>\n<link rel=\"canonical\" href=\"https:\/\/spinstein.net\/es\/aplicacion\/\" \/>\n<meta property=\"og:locale\" content=\"es_ES\" \/>\n<meta property=\"og:type\" content=\"article\" \/>\n<meta property=\"og:title\" content=\"Spinstein Casino App | App Oficial para Android &amp; iOS\" \/>\n<meta property=\"og:description\" content=\"Spinstein Casino App \u2013 descarga la aplicaci\u00f3n oficial para Android e iOS y lleva miles de juegos en tu bolsillo. Disfruta de notificaciones push para nuevos bonos, inicio de sesi\u00f3n con huella digital y dep\u00f3sitos instant\u00e1neos con Spin Stein.\" \/>\n<meta property=\"og:url\" content=\"https:\/\/spinstein.net\/es\/aplicacion\/\" \/>\n<meta property=\"og:site_name\" content=\"spinstein\" \/>\n<meta property=\"article:modified_time\" content=\"2026-03-31T13:17:25+00:00\" \/>\n<meta name=\"twitter:card\" content=\"summary_large_image\" \/>\n<meta name=\"twitter:label1\" content=\"Est. reading time\" \/>\n\t<meta name=\"twitter:data1\" content=\"2 minutes\" \/>\n<script type=\"application\/ld+json\" class=\"yoast-schema-graph\">{\"@context\":\"https:\\\/\\\/schema.org\",\"@graph\":[{\"@type\":\"WebPage\",\"@id\":\"https:\\\/\\\/spinstein.net\\\/es\\\/aplicacion\\\/\",\"url\":\"https:\\\/\\\/spinstein.net\\\/es\\\/aplicacion\\\/\",\"name\":\"Spinstein Casino App | App Oficial para Android & iOS\",\"isPartOf\":{\"@id\":\"https:\\\/\\\/spinstein.net\\\/es\\\/#website\"},\"datePublished\":\"2026-01-20T12:08:23+00:00\",\"dateModified\":\"2026-03-31T13:17:25+00:00\",\"description\":\"Spinstein Casino App \u2013 descarga la aplicaci\u00f3n oficial para Android e iOS y lleva miles de juegos en tu bolsillo. Disfruta de notificaciones push para nuevos bonos, inicio de sesi\u00f3n con huella digital y dep\u00f3sitos instant\u00e1neos con Spin Stein.\",\"breadcrumb\":{\"@id\":\"https:\\\/\\\/spinstein.net\\\/es\\\/aplicacion\\\/#breadcrumb\"},\"inLanguage\":\"es-ES\",\"potentialAction\":[{\"@type\":\"ReadAction\",\"target\":[\"https:\\\/\\\/spinstein.net\\\/es\\\/aplicacion\\\/\"]}]},{\"@type\":\"BreadcrumbList\",\"@id\":\"https:\\\/\\\/spinstein.net\\\/es\\\/aplicacion\\\/#breadcrumb\",\"itemListElement\":[{\"@type\":\"ListItem\",\"position\":1,\"name\":\"Spinstein\",\"item\":\"https:\\\/\\\/spinstein.net\\\/es\\\/\"},{\"@type\":\"ListItem\",\"position\":2,\"name\":\"Aplicaci\u00f3n\"}]},{\"@type\":\"WebSite\",\"@id\":\"https:\\\/\\\/spinstein.net\\\/es\\\/#website\",\"url\":\"https:\\\/\\\/spinstein.net\\\/es\\\/\",\"name\":\"Spinstein\",\"description\":\"\",\"publisher\":{\"@id\":\"https:\\\/\\\/spinstein.net\\\/es\\\/#organization\"},\"potentialAction\":[{\"@type\":\"SearchAction\",\"target\":{\"@type\":\"EntryPoint\",\"urlTemplate\":\"https:\\\/\\\/spinstein.net\\\/es\\\/?s={search_term_string}\"},\"query-input\":{\"@type\":\"PropertyValueSpecification\",\"valueRequired\":true,\"valueName\":\"search_term_string\"}}],\"inLanguage\":\"es-ES\"},{\"@type\":\"Organization\",\"@id\":\"https:\\\/\\\/spinstein.net\\\/es\\\/#organization\",\"name\":\"Spinstein\",\"url\":\"https:\\\/\\\/spinstein.net\\\/es\\\/\",\"logo\":{\"@type\":\"ImageObject\",\"inLanguage\":\"es-ES\",\"@id\":\"https:\\\/\\\/spinstein.net\\\/es\\\/#\\\/schema\\\/logo\\\/image\\\/\",\"url\":\"https:\\\/\\\/spinstein.net\\\/wp-content\\\/uploads\\\/2026\\\/03\\\/spinstein-logo.png\",\"contentUrl\":\"https:\\\/\\\/spinstein.net\\\/wp-content\\\/uploads\\\/2026\\\/03\\\/spinstein-logo.png\",\"width\":166,\"height\":40,\"caption\":\"Spinstein\"},\"image\":{\"@id\":\"https:\\\/\\\/spinstein.net\\\/es\\\/#\\\/schema\\\/logo\\\/image\\\/\"}}]}<\/script>\n<!-- \/ Yoast SEO plugin. -->","yoast_head_json":{"title":"Spinstein Casino App | App Oficial para Android & iOS","description":"Spinstein Casino App \u2013 descarga la aplicaci\u00f3n oficial para Android e iOS y lleva miles de juegos en tu bolsillo. Disfruta de notificaciones push para nuevos bonos, inicio de sesi\u00f3n con huella digital y dep\u00f3sitos instant\u00e1neos con Spin Stein.","robots":{"index":"index","follow":"follow","max-snippet":"max-snippet:-1","max-image-preview":"max-image-preview:large","max-video-preview":"max-video-preview:-1"},"canonical":"https:\/\/spinstein.net\/es\/aplicacion\/","og_locale":"es_ES","og_type":"article","og_title":"Spinstein Casino App | App Oficial para Android & iOS","og_description":"Spinstein Casino App \u2013 descarga la aplicaci\u00f3n oficial para Android e iOS y lleva miles de juegos en tu bolsillo. Disfruta de notificaciones push para nuevos bonos, inicio de sesi\u00f3n con huella digital y dep\u00f3sitos instant\u00e1neos con Spin Stein.","og_url":"https:\/\/spinstein.net\/es\/aplicacion\/","og_site_name":"spinstein","article_modified_time":"2026-03-31T13:17:25+00:00","twitter_card":"summary_large_image","twitter_misc":{"Est. reading time":"2 minutes"},"schema":{"@context":"https:\/\/schema.org","@graph":[{"@type":"WebPage","@id":"https:\/\/spinstein.net\/es\/aplicacion\/","url":"https:\/\/spinstein.net\/es\/aplicacion\/","name":"Spinstein Casino App | App Oficial para Android & iOS","isPartOf":{"@id":"https:\/\/spinstein.net\/es\/#website"},"datePublished":"2026-01-20T12:08:23+00:00","dateModified":"2026-03-31T13:17:25+00:00","description":"Spinstein Casino App \u2013 descarga la aplicaci\u00f3n oficial para Android e iOS y lleva miles de juegos en tu bolsillo. Disfruta de notificaciones push para nuevos bonos, inicio de sesi\u00f3n con huella digital y dep\u00f3sitos instant\u00e1neos con Spin Stein.","breadcrumb":{"@id":"https:\/\/spinstein.net\/es\/aplicacion\/#breadcrumb"},"inLanguage":"es-ES","potentialAction":[{"@type":"ReadAction","target":["https:\/\/spinstein.net\/es\/aplicacion\/"]}]},{"@type":"BreadcrumbList","@id":"https:\/\/spinstein.net\/es\/aplicacion\/#breadcrumb","itemListElement":[{"@type":"ListItem","position":1,"name":"Spinstein","item":"https:\/\/spinstein.net\/es\/"},{"@type":"ListItem","position":2,"name":"Aplicaci\u00f3n"}]},{"@type":"WebSite","@id":"https:\/\/spinstein.net\/es\/#website","url":"https:\/\/spinstein.net\/es\/","name":"Spinstein","description":"","publisher":{"@id":"https:\/\/spinstein.net\/es\/#organization"},"potentialAction":[{"@type":"SearchAction","target":{"@type":"EntryPoint","urlTemplate":"https:\/\/spinstein.net\/es\/?s={search_term_string}"},"query-input":{"@type":"PropertyValueSpecification","valueRequired":true,"valueName":"search_term_string"}}],"inLanguage":"es-ES"},{"@type":"Organization","@id":"https:\/\/spinstein.net\/es\/#organization","name":"Spinstein","url":"https:\/\/spinstein.net\/es\/","logo":{"@type":"ImageObject","inLanguage":"es-ES","@id":"https:\/\/spinstein.net\/es\/#\/schema\/logo\/image\/","url":"https:\/\/spinstein.net\/wp-content\/uploads\/2026\/03\/spinstein-logo.png","contentUrl":"https:\/\/spinstein.net\/wp-content\/uploads\/2026\/03\/spinstein-logo.png","width":166,"height":40,"caption":"Spinstein"},"image":{"@id":"https:\/\/spinstein.net\/es\/#\/schema\/logo\/image\/"}}]}},"_links":{"self":[{"href":"https:\/\/spinstein.net\/es\/wp-json\/wp\/v2\/pages\/1449","targetHints":{"allow":["GET"]}}],"collection":[{"href":"https:\/\/spinstein.net\/es\/wp-json\/wp\/v2\/pages"}],"about":[{"href":"https:\/\/spinstein.net\/es\/wp-json\/wp\/v2\/types\/page"}],"author":[{"embeddable":true,"href":"https:\/\/spinstein.net\/es\/wp-json\/wp\/v2\/users\/1"}],"replies":[{"embeddable":true,"href":"https:\/\/spinstein.net\/es\/wp-json\/wp\/v2\/comments?post=1449"}],"version-history":[{"count":3,"href":"https:\/\/spinstein.net\/es\/wp-json\/wp\/v2\/pages\/1449\/revisions"}],"predecessor-version":[{"id":2077,"href":"https:\/\/spinstein.net\/es\/wp-json\/wp\/v2\/pages\/1449\/revisions\/2077"}],"wp:attachment":[{"href":"https:\/\/spinstein.net\/es\/wp-json\/wp\/v2\/media?parent=1449"}],"curies":[{"name":"wp","href":"https:\/\/api.w.org\/{rel}","templated":true}]}}