{"id":1442,"date":"2026-01-20T12:08:23","date_gmt":"2026-01-20T12:08:23","guid":{"rendered":"https:\/\/bonuskongcasino.com\/app-2\/"},"modified":"2026-03-31T11:14:02","modified_gmt":"2026-03-31T10:14:02","slug":"app","status":"publish","type":"page","link":"https:\/\/spinstein.net\/de\/app\/","title":{"rendered":"App"},"content":{"rendered":"<h1>Spinstein App: Mobile Casino-Spiele<\/h1>\n<p>Die Spinstein App bietet im Vergleich zur Webversion ein verbessertes Spielerlebnis. Sie k\u00f6nnen entweder unterwegs spielen, indem Sie die mobile Software f\u00fcr Android und iOS herunterladen, oder sie auf Ihrem Desktop installieren. In unserem mobilen Casino erhalten Sie Zugriff auf eine vollst\u00e4ndige Spielebibliothek, darunter beliebte Online Slots, einen Live-Dealer-Bereich und vieles mehr. Im Gegensatz zur Standardversion l\u00e4uft die App fl\u00fcssiger und schneller. Die Funktionen der Spinstein App entsprechen denen der Standardversion und unterliegen keinerlei Einschr\u00e4nkungen.<\/p>\n<div class=\"banner-wrap\" aria-label=\"Banner\"><img src=\"https:\/\/spinstein.net\/wp-content\/uploads\/2026\/03\/Spinstein-banner-carousel-800\u0445400.webp\" class=\"w-100 d-none d-lg-block img-pc main-banner-img\" alt=\"spinstein banner desktop\" fetchpriority=\"high\" decoding=\"async\"><img src=\"https:\/\/spinstein.net\/wp-content\/uploads\/2026\/03\/spinstein-banner-mobile.webp\" class=\"w-100 d-none d-md-block d-lg-none main-banner-img\" alt=\"spinstein banner mobile\" fetchpriority=\"high\" decoding=\"async\"><img src=\"https:\/\/spinstein.net\/wp-content\/uploads\/2026\/03\/spinstein-banner-mobile.webp\" class=\"w-100 d-md-none\" alt=\"spinstein banner mobile\" fetchpriority=\"high\" decoding=\"async\"><div class=\"banner-description\">\n<div class=\"banner-title\">Willkommensboni<\/div>\n<p class=\"banner-header-title\">1500 \u20ac<\/p>\n<div class=\"banner-header-AdditionalText\">+ 250 Freispiele<\/div>\n<button data-item=\"homepage_banner_link\" class=\"goto m-button m-gradient-border m-button--primary m-button--large banner-button btn-orange\">\n            <div class=\"m-button-content\">\n                <span>Jetzt anmelden<\/span>\n                <span><\/span>\n            <\/div>\n        <\/button>\n<\/div>\n<div class=\"WelcomePack\">\n<p><img loading=\"lazy\" decoding=\"async\" class=\"alignnone size-full wp-image-1853\" src=\"https:\/\/spinstein.net\/wp-content\/uploads\/2026\/03\/welcome-crown.png\" alt=\"crown\" width=\"25\" height=\"26\" \/><\/p>\n<div class=\"WelcomePack-Info\">W\u00f6chentlicher Cashback von bis zu 25 %<\/div>\n<p><img loading=\"lazy\" decoding=\"async\" class=\"alignnone size-full wp-image-1853\" src=\"https:\/\/spinstein.net\/wp-content\/uploads\/2026\/03\/welcome-crown.png\" alt=\"crown\" width=\"25\" height=\"26\" \/><\/p>\n<\/div>\n<\/div>\n<h2>Funktionen der Spinstein App<\/h2>\n<p>Bei der Entwicklung unserer Spinstein App lag unser Hauptaugenmerk darauf, alle Funktionen aus der Webversion zu portieren. Wir haben uns f\u00fcr das PWA-Format entschieden, da man die App direkt von der Website installieren kann und keine Interaktion mit Drittanbietern erforderlich ist. Au\u00dferdem ben\u00f6tigen PWAs weniger Speicherplatz auf Ihrem Ger\u00e4t und laden schneller.<\/p>\n<p>Spieler, die unsere Software nutzen, werden \u00fcber Push-Benachrichtigungen sofort \u00fcber neue Events und Aktionen informiert. Hier sind die wichtigsten Vorteile der Spinstein App gegen\u00fcber der Desktop-Version, die wir hervorheben m\u00f6chten:<\/p>\n<table>\n<tbody>\n<tr>\n<td>Vorteil<\/td>\n<td>Beschreibung<\/td>\n<\/tr>\n<tr>\n<td>Sofortiger Download<\/td>\n<td>Keine Ressourcen von Drittanbietern, direkt \u00fcber den Browser.<\/td>\n<\/tr>\n<tr>\n<td>Minimaler Speicherbedarf<\/td>\n<td>Die PWA-Technologie spart Speicherplatz auf Ihrem Ger\u00e4t.<\/td>\n<\/tr>\n<tr>\n<td>Push-Benachrichtigungen<\/td>\n<td>Echtzeit-Updates zu Aktionen und Veranstaltungen<\/td>\n<\/tr>\n<tr>\n<td>Schnelleres Laden<\/td>\n<td>Optimierte Leistung f\u00fcr den Zugriff von unterwegs<\/td>\n<\/tr>\n<\/tbody>\n<\/table>\n<p><div class=\"scrollable-content-wrap my-5\"><div class=\"scrollable-content-inner\"><h2>Spinstein App \u2013 Android APK<\/h2>\n<p>Wir bieten keine spezielle Spinstein APK f\u00fcr Android an, da die Sicherheit jedes Nutzers f\u00fcr uns oberste Priorit\u00e4t hat. Anders als bei einer APK laden Sie unsere Software direkt von unserer Website herunter, wodurch Hacker keinen Zugriff auf Ihre Daten erhalten.<\/p>\n<p>Um Spinstein Casino auf Ihr Android-Ger\u00e4t zu laden, befolgen Sie einfach diese einfachen Schritte:<\/p>\n<ol>\n<li>\u00d6ffnen Sie den Browser und rufen Sie unsere offizielle Website auf.<\/li>\n<li>Nachdem Sie unsere Website in Ihrem Browser ge\u00f6ffnet haben, tippen Sie auf das Drei-Punkte-Men\u00fc.<\/li>\n<li>Scrolle dann nach unten und klicke auf \u201eZum Startbildschirm hinzuf\u00fcgen\u201c.<\/li>\n<li>W\u00e4hlen Sie einen Namen f\u00fcr die Anwendung oder belassen Sie ihn unver\u00e4ndert und tippen Sie dann oben rechts auf \u201eHinzuf\u00fcgen\u201c.<\/li>\n<\/ol>\n<p>Sobald Sie alle Schritte abgeschlossen haben, tippen Sie auf das Symbol, um Ihr Casino-Abenteuer zu beginnen. \u00dcber die mobile Version der Plattform k\u00f6nnen Sie unter anderem Ihr pers\u00f6nliches Profil verwalten, die Lobby durchsuchen und Boni einl\u00f6sen. Bei Problemen mit einem der oben genannten Schritte k\u00f6nnen Sie sich jederzeit \u00fcber den Live Chat an unser Support-Team wenden.<\/p>\n<p><img loading=\"lazy\" decoding=\"async\" class=\"alignnone size-full wp-image-1925\" src=\"https:\/\/spinstein.net\/wp-content\/uploads\/2026\/03\/Spinstein-Android-App.webp\" alt=\"Spinstein Android App\" width=\"1248\" height=\"536\" srcset=\"https:\/\/spinstein.net\/wp-content\/uploads\/2026\/03\/Spinstein-Android-App.webp 1248w, https:\/\/spinstein.net\/wp-content\/uploads\/2026\/03\/Spinstein-Android-App-300x129.webp 300w, https:\/\/spinstein.net\/wp-content\/uploads\/2026\/03\/Spinstein-Android-App-1024x440.webp 1024w, https:\/\/spinstein.net\/wp-content\/uploads\/2026\/03\/Spinstein-Android-App-768x330.webp 768w\" sizes=\"auto, (max-width: 1248px) 100vw, 1248px\" \/><\/p>\n<\/div><\/div><div style=\"clear: both\"><\/div><div class=\"d-flex justify-content-center\"><button data-item=\"decouvrez_link\" data-group=\"website_links\" class=\"goto fw-bold rounded-pill btn btn-orange\" aria-label=\"Laden Sie die Spinstein-App herunter\" >Laden Sie die Spinstein-App herunter<\/button><\/div><div class=\"scrollable-content-wrap my-5\"><div class=\"scrollable-content-inner\"><h2>Spinstein App f\u00fcr iOS<\/h2>\n<p>Sie m\u00fcssen nicht den App Store besuchen, um auf die Spinstein Casino Software unter iOS zuzugreifen; stattdessen m\u00fcssen Sie fast die gleichen Anweisungen wie f\u00fcr Android befolgen. Tippen Sie unten auf dem Bildschirm auf die Schaltfl\u00e4che \u201eTeilen\u201c. Sobald die Einstellung best\u00e4tigt ist, erscheint das Symbol auf Ihrem Startbildschirm. Melden Sie sich bei der App an, geben Sie Ihre Daten ein und erhalten Sie vollen Zugriff auf alle Funktionen.<\/p>\n<p><img loading=\"lazy\" decoding=\"async\" class=\"alignnone size-full wp-image-1933\" src=\"https:\/\/spinstein.net\/wp-content\/uploads\/2026\/03\/Spinstein-iOS-App.webp\" alt=\"Spinstein iOS App\" width=\"1248\" height=\"536\" srcset=\"https:\/\/spinstein.net\/wp-content\/uploads\/2026\/03\/Spinstein-iOS-App.webp 1248w, https:\/\/spinstein.net\/wp-content\/uploads\/2026\/03\/Spinstein-iOS-App-300x129.webp 300w, https:\/\/spinstein.net\/wp-content\/uploads\/2026\/03\/Spinstein-iOS-App-1024x440.webp 1024w, https:\/\/spinstein.net\/wp-content\/uploads\/2026\/03\/Spinstein-iOS-App-768x330.webp 768w\" sizes=\"auto, (max-width: 1248px) 100vw, 1248px\" \/><\/p>\n<\/div><\/div><div style=\"clear: both\"><\/div><div class=\"d-flex justify-content-center\"><button data-item=\"decouvrez_link\" data-group=\"website_links\" class=\"goto fw-bold rounded-pill btn btn-orange\" aria-label=\"Spinstein herunterladen\" >Spinstein herunterladen<\/button><\/div><div class=\"scrollable-content-wrap my-5\"><div class=\"scrollable-content-inner\"><h2>PWA Sicherheit<\/h2>\n<p>Bei der Entwicklung der Spin Stein Casino PWA stand Sicherheit an erster Stelle, sodass sie den Schutzstandards unserer Desktop-Plattform entspricht. Die PWA beseitigt die Risiken, die mit nicht verifizierten APK-Dateien verbunden sind; alle Daten\u00fcbertragungen innerhalb des Programms verwenden TLS 1.3 Verschl\u00fcsselung und HTTPS-Protokolle, wodurch gew\u00e4hrleistet wird, dass finanzielle und pers\u00f6nliche Daten w\u00e4hrend des Spiels gesch\u00fctzt sind. Die Anwendung ben\u00f6tigt keine zus\u00e4tzlichen Berechtigungen \u00fcber den Standard-Browserzugriff hinaus, wodurch eine unbefugte Datenerfassung verhindert wird. Automatische Updates stellen Sicherheitspatches sofort und ohne Benutzereingriff bereit.<\/p>\n<p><img loading=\"lazy\" decoding=\"async\" class=\"alignnone size-full wp-image-1941\" src=\"https:\/\/spinstein.net\/wp-content\/uploads\/2026\/03\/Spinstein-Desktop.webp\" alt=\"Spinstein Desktop\" width=\"1248\" height=\"536\" srcset=\"https:\/\/spinstein.net\/wp-content\/uploads\/2026\/03\/Spinstein-Desktop.webp 1248w, https:\/\/spinstein.net\/wp-content\/uploads\/2026\/03\/Spinstein-Desktop-300x129.webp 300w, https:\/\/spinstein.net\/wp-content\/uploads\/2026\/03\/Spinstein-Desktop-1024x440.webp 1024w, https:\/\/spinstein.net\/wp-content\/uploads\/2026\/03\/Spinstein-Desktop-768x330.webp 768w\" sizes=\"auto, (max-width: 1248px) 100vw, 1248px\" \/><\/p>\n<\/div><\/div><div style=\"clear: both\"><\/div><div class=\"d-flex justify-content-center\"><button data-item=\"decouvrez_link\" data-group=\"website_links\" class=\"goto fw-bold rounded-pill btn btn-orange\" aria-label=\"Laden Sie die Spinstein-App herunter\" >Laden Sie die Spinstein-App herunter<\/button><\/div><div class=\"scrollable-content-wrap my-5\"><div class=\"scrollable-content-inner\"><h2>Warum auf dem Handy spielen<\/h2>\n<p>Das Spielen auf einer mobilen Plattform ist eine gro\u00dfartige M\u00f6glichkeit, Abwechslung in Ihr Spielerlebnis zu bringen. Mit der Spinstein App k\u00f6nnen Sie unterwegs spielen, ohne auf den Komfort der Webversion verzichten zu m\u00fcssen. Push-Benachrichtigungen versorgen Sie mit Echtzeitinformationen zu Turnier-Updates und Sonderangeboten.<\/p>\n<p>Die gleichen Sicherheitsverfahren und alle Kontofunktionen wie auf Desktop-Ger\u00e4ten werden vollst\u00e4ndig auf Mobilger\u00e4te \u00fcbertragen, und die f\u00fcr Touchscreens optimierte Steuerung erleichtert die Navigation. Im Gegensatz zu Anwendungen aus App-Stores werden die PWAs von Spinstein Casino automatisch aktualisiert, ohne dass der Nutzer etwas tun muss.<\/p>\n<h2>FAQ<\/h2>\n<h3>Unterst\u00fctzt die Spinstein App dieselben Zahlungsmethoden wie die Website?<\/h3>\n<p>Ja, die Spinstein Casino App bietet dieselben Zahlungsoptionen wie die Desktop-Version. Dank identischer Verarbeitungsgeschwindigkeiten und Beschr\u00e4nkungen auf allen Plattformen k\u00f6nnen Spieler Ein- und Auszahlungen mit jeder f\u00fcr sie bequemen Zahlungsmethode vornehmen.<\/p>\n<h3>Verbraucht die App schnell den Akku meines Handys?<\/h3>\n<p>Nein, im Vergleich zu nativer Software oder l\u00e4ngeren Browsersitzungen verbraucht die Spinstein Casino PWA deutlich weniger Akku, da sie auf Energieeffizienz optimiert ist. Unsere PWA l\u00e4uft nur, wenn sie aktiv ist, und spart so Akku f\u00fcr l\u00e4ngere Spielsitzungen unterwegs \u2013 im Gegensatz zu herk\u00f6mmlichen Programmen, die zahlreiche Hintergrundprozesse ausf\u00fchren.<\/p>\n<h3>Kann ich mein bestehendes Konto in der App nutzen?<\/h3>\n<p>Ja, sowohl die Desktop- als auch die mobile Version Ihres aktuellen Spinstein Casino Kontos funktionieren einwandfrei. Alle Ihre Kontoinformationen, Guthaben, Transaktionshistorie und Ihr Treuestatus sind in der App sofort verf\u00fcgbar, wenn Sie sich mit derselben E-Mail-Adresse und demselben Passwort anmelden, die Sie bei der Registrierung verwendet haben. F\u00fcr den mobilen Zugriff ist es nicht erforderlich, ein zweites Konto zu erstellen.<\/p>\n<h3>Sind alle Casinospiele auf Mobilger\u00e4ten verf\u00fcgbar?<\/h3>\n<p>Ja, alle Titel von Spin Stein Casino k\u00f6nnen auf Smartphones und Tablets gespielt werden. \u00dcber die PWA haben Spieler uneingeschr\u00e4nkten Zugriff auf Slots, Tischspiele und Live-Casinos. Die mobile Version funktioniert und bietet in jeder Kategorie die gleichen Funktionen.<\/p>\n<\/div><\/div><\/p>\n","protected":false},"excerpt":{"rendered":"<p>Spinstein App: Mobile Casino-Spiele Die Spinstein App bietet im Vergleich zur Webversion ein verbessertes Spielerlebnis. Sie k\u00f6nnen entweder unterwegs spielen, indem Sie die mobile Software f\u00fcr Android und iOS herunterladen, oder sie auf Ihrem Desktop installieren. In unserem mobilen Casino erhalten Sie Zugriff auf eine vollst\u00e4ndige Spielebibliothek, darunter beliebte Online Slots, einen Live-Dealer-Bereich und vieles [&hellip;]<\/p>\n","protected":false},"author":1,"featured_media":0,"parent":0,"menu_order":0,"comment_status":"closed","ping_status":"closed","template":"template-builder.php","meta":{"_acf_changed":false,"inline_featured_image":false,"footnotes":""},"class_list":["post-1442","page","type-page","status-publish","hentry"],"acf":[],"yoast_head":"<!-- This site is optimized with the Yoast SEO plugin v27.3 - https:\/\/yoast.com\/product\/yoast-seo-wordpress\/ -->\n<title>Spinstein Casino App | Offizielle App f\u00fcr Android &amp; iOS<\/title>\n<meta name=\"description\" content=\"Spinstein Casino App \u2013 hol dir die offizielle App f\u00fcr Android und iOS und trage tausende Spiele in deiner Tasche. Erlebe Push-Benachrichtigungen f\u00fcr neue Boni, Fingerabdruck-Login und sofortige Einzahlungen mit Spin Stein.\" \/>\n<meta name=\"robots\" content=\"index, follow, max-snippet:-1, max-image-preview:large, max-video-preview:-1\" \/>\n<link rel=\"canonical\" href=\"https:\/\/spinstein.net\/de\/app\/\" \/>\n<meta property=\"og:locale\" content=\"de_DE\" \/>\n<meta property=\"og:type\" content=\"article\" \/>\n<meta property=\"og:title\" content=\"Spinstein Casino App | Offizielle App f\u00fcr Android &amp; iOS\" \/>\n<meta property=\"og:description\" content=\"Spinstein Casino App \u2013 hol dir die offizielle App f\u00fcr Android und iOS und trage tausende Spiele in deiner Tasche. Erlebe Push-Benachrichtigungen f\u00fcr neue Boni, Fingerabdruck-Login und sofortige Einzahlungen mit Spin Stein.\" \/>\n<meta property=\"og:url\" content=\"https:\/\/spinstein.net\/de\/app\/\" \/>\n<meta property=\"og:site_name\" content=\"spinstein\" \/>\n<meta property=\"article:modified_time\" content=\"2026-03-31T10:14:02+00:00\" \/>\n<meta name=\"twitter:card\" content=\"summary_large_image\" \/>\n<meta name=\"twitter:label1\" content=\"Gesch\u00e4tzte Lesezeit\" \/>\n\t<meta name=\"twitter:data1\" content=\"1\u00a0Minute\" \/>\n<script type=\"application\/ld+json\" class=\"yoast-schema-graph\">{\"@context\":\"https:\\\/\\\/schema.org\",\"@graph\":[{\"@type\":\"WebPage\",\"@id\":\"https:\\\/\\\/spinstein.net\\\/de\\\/app\\\/\",\"url\":\"https:\\\/\\\/spinstein.net\\\/de\\\/app\\\/\",\"name\":\"Spinstein Casino App | Offizielle App f\u00fcr Android & iOS\",\"isPartOf\":{\"@id\":\"https:\\\/\\\/spinstein.net\\\/de\\\/#website\"},\"datePublished\":\"2026-01-20T12:08:23+00:00\",\"dateModified\":\"2026-03-31T10:14:02+00:00\",\"description\":\"Spinstein Casino App \u2013 hol dir die offizielle App f\u00fcr Android und iOS und trage tausende Spiele in deiner Tasche. Erlebe Push-Benachrichtigungen f\u00fcr neue Boni, Fingerabdruck-Login und sofortige Einzahlungen mit Spin Stein.\",\"breadcrumb\":{\"@id\":\"https:\\\/\\\/spinstein.net\\\/de\\\/app\\\/#breadcrumb\"},\"inLanguage\":\"de\",\"potentialAction\":[{\"@type\":\"ReadAction\",\"target\":[\"https:\\\/\\\/spinstein.net\\\/de\\\/app\\\/\"]}]},{\"@type\":\"BreadcrumbList\",\"@id\":\"https:\\\/\\\/spinstein.net\\\/de\\\/app\\\/#breadcrumb\",\"itemListElement\":[{\"@type\":\"ListItem\",\"position\":1,\"name\":\"Spinstein\",\"item\":\"https:\\\/\\\/spinstein.net\\\/de\\\/\"},{\"@type\":\"ListItem\",\"position\":2,\"name\":\"App\"}]},{\"@type\":\"WebSite\",\"@id\":\"https:\\\/\\\/spinstein.net\\\/de\\\/#website\",\"url\":\"https:\\\/\\\/spinstein.net\\\/de\\\/\",\"name\":\"Spinstein\",\"description\":\"\",\"publisher\":{\"@id\":\"https:\\\/\\\/spinstein.net\\\/de\\\/#organization\"},\"potentialAction\":[{\"@type\":\"SearchAction\",\"target\":{\"@type\":\"EntryPoint\",\"urlTemplate\":\"https:\\\/\\\/spinstein.net\\\/de\\\/?s={search_term_string}\"},\"query-input\":{\"@type\":\"PropertyValueSpecification\",\"valueRequired\":true,\"valueName\":\"search_term_string\"}}],\"inLanguage\":\"de\"},{\"@type\":\"Organization\",\"@id\":\"https:\\\/\\\/spinstein.net\\\/de\\\/#organization\",\"name\":\"Spinstein\",\"url\":\"https:\\\/\\\/spinstein.net\\\/de\\\/\",\"logo\":{\"@type\":\"ImageObject\",\"inLanguage\":\"de\",\"@id\":\"https:\\\/\\\/spinstein.net\\\/de\\\/#\\\/schema\\\/logo\\\/image\\\/\",\"url\":\"https:\\\/\\\/spinstein.net\\\/wp-content\\\/uploads\\\/2026\\\/03\\\/spinstein-logo.png\",\"contentUrl\":\"https:\\\/\\\/spinstein.net\\\/wp-content\\\/uploads\\\/2026\\\/03\\\/spinstein-logo.png\",\"width\":166,\"height\":40,\"caption\":\"Spinstein\"},\"image\":{\"@id\":\"https:\\\/\\\/spinstein.net\\\/de\\\/#\\\/schema\\\/logo\\\/image\\\/\"}}]}<\/script>\n<!-- \/ Yoast SEO plugin. -->","yoast_head_json":{"title":"Spinstein Casino App | Offizielle App f\u00fcr Android & iOS","description":"Spinstein Casino App \u2013 hol dir die offizielle App f\u00fcr Android und iOS und trage tausende Spiele in deiner Tasche. Erlebe Push-Benachrichtigungen f\u00fcr neue Boni, Fingerabdruck-Login und sofortige Einzahlungen mit Spin Stein.","robots":{"index":"index","follow":"follow","max-snippet":"max-snippet:-1","max-image-preview":"max-image-preview:large","max-video-preview":"max-video-preview:-1"},"canonical":"https:\/\/spinstein.net\/de\/app\/","og_locale":"de_DE","og_type":"article","og_title":"Spinstein Casino App | Offizielle App f\u00fcr Android & iOS","og_description":"Spinstein Casino App \u2013 hol dir die offizielle App f\u00fcr Android und iOS und trage tausende Spiele in deiner Tasche. Erlebe Push-Benachrichtigungen f\u00fcr neue Boni, Fingerabdruck-Login und sofortige Einzahlungen mit Spin Stein.","og_url":"https:\/\/spinstein.net\/de\/app\/","og_site_name":"spinstein","article_modified_time":"2026-03-31T10:14:02+00:00","twitter_card":"summary_large_image","twitter_misc":{"Gesch\u00e4tzte Lesezeit":"1\u00a0Minute"},"schema":{"@context":"https:\/\/schema.org","@graph":[{"@type":"WebPage","@id":"https:\/\/spinstein.net\/de\/app\/","url":"https:\/\/spinstein.net\/de\/app\/","name":"Spinstein Casino App | Offizielle App f\u00fcr Android & iOS","isPartOf":{"@id":"https:\/\/spinstein.net\/de\/#website"},"datePublished":"2026-01-20T12:08:23+00:00","dateModified":"2026-03-31T10:14:02+00:00","description":"Spinstein Casino App \u2013 hol dir die offizielle App f\u00fcr Android und iOS und trage tausende Spiele in deiner Tasche. Erlebe Push-Benachrichtigungen f\u00fcr neue Boni, Fingerabdruck-Login und sofortige Einzahlungen mit Spin Stein.","breadcrumb":{"@id":"https:\/\/spinstein.net\/de\/app\/#breadcrumb"},"inLanguage":"de","potentialAction":[{"@type":"ReadAction","target":["https:\/\/spinstein.net\/de\/app\/"]}]},{"@type":"BreadcrumbList","@id":"https:\/\/spinstein.net\/de\/app\/#breadcrumb","itemListElement":[{"@type":"ListItem","position":1,"name":"Spinstein","item":"https:\/\/spinstein.net\/de\/"},{"@type":"ListItem","position":2,"name":"App"}]},{"@type":"WebSite","@id":"https:\/\/spinstein.net\/de\/#website","url":"https:\/\/spinstein.net\/de\/","name":"Spinstein","description":"","publisher":{"@id":"https:\/\/spinstein.net\/de\/#organization"},"potentialAction":[{"@type":"SearchAction","target":{"@type":"EntryPoint","urlTemplate":"https:\/\/spinstein.net\/de\/?s={search_term_string}"},"query-input":{"@type":"PropertyValueSpecification","valueRequired":true,"valueName":"search_term_string"}}],"inLanguage":"de"},{"@type":"Organization","@id":"https:\/\/spinstein.net\/de\/#organization","name":"Spinstein","url":"https:\/\/spinstein.net\/de\/","logo":{"@type":"ImageObject","inLanguage":"de","@id":"https:\/\/spinstein.net\/de\/#\/schema\/logo\/image\/","url":"https:\/\/spinstein.net\/wp-content\/uploads\/2026\/03\/spinstein-logo.png","contentUrl":"https:\/\/spinstein.net\/wp-content\/uploads\/2026\/03\/spinstein-logo.png","width":166,"height":40,"caption":"Spinstein"},"image":{"@id":"https:\/\/spinstein.net\/de\/#\/schema\/logo\/image\/"}}]}},"_links":{"self":[{"href":"https:\/\/spinstein.net\/de\/wp-json\/wp\/v2\/pages\/1442","targetHints":{"allow":["GET"]}}],"collection":[{"href":"https:\/\/spinstein.net\/de\/wp-json\/wp\/v2\/pages"}],"about":[{"href":"https:\/\/spinstein.net\/de\/wp-json\/wp\/v2\/types\/page"}],"author":[{"embeddable":true,"href":"https:\/\/spinstein.net\/de\/wp-json\/wp\/v2\/users\/1"}],"replies":[{"embeddable":true,"href":"https:\/\/spinstein.net\/de\/wp-json\/wp\/v2\/comments?post=1442"}],"version-history":[{"count":3,"href":"https:\/\/spinstein.net\/de\/wp-json\/wp\/v2\/pages\/1442\/revisions"}],"predecessor-version":[{"id":2045,"href":"https:\/\/spinstein.net\/de\/wp-json\/wp\/v2\/pages\/1442\/revisions\/2045"}],"wp:attachment":[{"href":"https:\/\/spinstein.net\/de\/wp-json\/wp\/v2\/media?parent=1442"}],"curies":[{"name":"wp","href":"https:\/\/api.w.org\/{rel}","templated":true}]}}